{"id":1496,"date":"2023-12-25T12:58:07","date_gmt":"2023-12-25T11:58:07","guid":{"rendered":"https:\/\/inmopower.com\/?post_type=product&#038;p=1496"},"modified":"2023-12-25T13:00:03","modified_gmt":"2023-12-25T12:00:03","slug":"nave-industrial-en-el-palmar-murcia","status":"publish","type":"product","link":"https:\/\/inmopower.com\/index.php\/producto\/nave-industrial-en-el-palmar-murcia\/","title":{"rendered":"Nave industrial en EL Palmar (Murcia)"},"content":{"rendered":"<p>Nave sobre rasante ubicada dentro de una parcela independiente dedicada a imprenta, tiene forma rectangular dentro de la misma encontramos una parte di\u00e1fana donde se encuentran las maquinas de impresi\u00f3n y otra zona dedicada a oficinas.<\/p>\n<p>Las oficinas ocupan dos plantas, encontramos la siguiente distribuci\u00f3n. En planta baja: Sala de trabajo, sala 1, almac\u00e9n, despachos, pasillo, ba\u00f1o, aseo, y dos accesos uno situado en fachada y otro en la parte lateral de la misma. En planta alta: Sala de trabajo, tres despachos, escaleras, ba\u00f1o y sala de juntas.<\/p>\n<p>m2 planta baja; Superficie construida; 1.016,20m2 supereficie \u00fatil; 967,45m2<\/p>\n<p>Planta alta; superficie construida; 187,40m2 suerficie \u00fatil; 173,13m2<\/p>\n<p>Superficie total de la nave es de; 1,203,60m2 Terreno; 2.006m2 PRECIO DE VENTA 900.000\u20ac (Incluida comisi\u00f3n)<\/p>\n<p>Precio de venta: 832.000\u20ac ya incluida la comisi\u00f3n<\/p>\n<p><iframe src=\"https:\/\/www.google.com\/maps\/embed?pb=!1m18!1m12!1m3!1d11390.454429174653!2d-1.1766094464172416!3d37.937074924594135!2m3!1f0!2f0!3f0!3m2!1i1024!2i768!4f13.1!3m3!1m2!1s0xd637f108c85279f%3A0x9e9eaff5b9380c6e!2s30120%20El%20Palmar%2C%20Murcia!5e1!3m2!1ses!2ses!4v1703505333064!5m2!1ses!2ses\" width=\"600\" height=\"450\" style=\"border:0;\" allowfullscreen=\"\" loading=\"lazy\" referrerpolicy=\"no-referrer-when-downgrade\"><\/iframe><\/p>\n","protected":false},"excerpt":{"rendered":"<p>VENTA<\/p>\n","protected":false},"featured_media":1498,"template":"","meta":{"site-sidebar-layout":"default","site-content-layout":"","ast-site-content-layout":"default","site-content-style":"default","site-sidebar-style":"default","ast-global-header-display":"","ast-banner-title-visibility":"","ast-main-header-display":"","ast-hfb-above-header-display":"","ast-hfb-below-header-display":"","ast-hfb-mobile-header-display":"","site-post-title":"","ast-breadcrumbs-content":"","ast-featured-img":"","footer-sml-layout":"","theme-transparent-header-meta":"default","adv-header-id-meta":"","stick-header-meta":"","header-above-stick-meta":"","header-main-stick-meta":"","header-below-stick-meta":"","astra-migrate-meta-layouts":"set"},"product_brand":[],"product_cat":[77,79],"product_tag":[],"class_list":{"0":"post-1496","1":"product","2":"type-product","3":"status-publish","4":"has-post-thumbnail","6":"product_cat-ver-todos","7":"product_cat-industrial-y-logistico","8":"desktop-align-left","9":"tablet-align-left","10":"mobile-align-left","12":"first","13":"instock","14":"shipping-taxable","15":"purchasable","16":"product-type-simple"},"yoast_head":"<!-- This site is optimized with the Yoast SEO plugin v26.6 - https:\/\/yoast.com\/wordpress\/plugins\/seo\/ -->\n<title>Nave industrial en EL Palmar (Murcia) - INMOPOWER<\/title>\n<meta name=\"robots\" content=\"index, follow, max-snippet:-1, max-image-preview:large, max-video-preview:-1\" \/>\n<link rel=\"canonical\" href=\"https:\/\/inmopower.com\/index.php\/producto\/nave-industrial-en-el-palmar-murcia\/\" \/>\n<meta property=\"og:locale\" content=\"es_ES\" \/>\n<meta property=\"og:type\" content=\"article\" \/>\n<meta property=\"og:title\" content=\"Nave industrial en EL Palmar (Murcia) - INMOPOWER\" \/>\n<meta property=\"og:description\" content=\"VENTA\" \/>\n<meta property=\"og:url\" content=\"https:\/\/inmopower.com\/index.php\/producto\/nave-industrial-en-el-palmar-murcia\/\" \/>\n<meta property=\"article:modified_time\" content=\"2023-12-25T12:00:03+00:00\" \/>\n<meta property=\"og:image\" content=\"https:\/\/inmopower.com\/wp-content\/uploads\/2023\/12\/WhatsApp-Image-2023-10-26-at-18.10.53-4.jpeg\" \/>\n\t<meta property=\"og:image:width\" content=\"461\" \/>\n\t<meta property=\"og:image:height\" content=\"345\" \/>\n\t<meta property=\"og:image:type\" content=\"image\/jpeg\" \/>\n<meta name=\"twitter:card\" content=\"summary_large_image\" \/>\n<meta name=\"twitter:label1\" content=\"Tiempo de lectura\" \/>\n\t<meta name=\"twitter:data1\" content=\"1 minuto\" \/>\n<script type=\"application\/ld+json\" class=\"yoast-schema-graph\">{\"@context\":\"https:\/\/schema.org\",\"@graph\":[{\"@type\":\"WebPage\",\"@id\":\"https:\/\/inmopower.com\/index.php\/producto\/nave-industrial-en-el-palmar-murcia\/\",\"url\":\"https:\/\/inmopower.com\/index.php\/producto\/nave-industrial-en-el-palmar-murcia\/\",\"name\":\"Nave industrial en EL Palmar (Murcia) - INMOPOWER\",\"isPartOf\":{\"@id\":\"https:\/\/inmopower.com\/#website\"},\"primaryImageOfPage\":{\"@id\":\"https:\/\/inmopower.com\/index.php\/producto\/nave-industrial-en-el-palmar-murcia\/#primaryimage\"},\"image\":{\"@id\":\"https:\/\/inmopower.com\/index.php\/producto\/nave-industrial-en-el-palmar-murcia\/#primaryimage\"},\"thumbnailUrl\":\"https:\/\/i0.wp.com\/inmopower.com\/wp-content\/uploads\/2023\/12\/WhatsApp-Image-2023-10-26-at-18.10.53-4.jpeg?fit=461%2C345&ssl=1\",\"datePublished\":\"2023-12-25T11:58:07+00:00\",\"dateModified\":\"2023-12-25T12:00:03+00:00\",\"breadcrumb\":{\"@id\":\"https:\/\/inmopower.com\/index.php\/producto\/nave-industrial-en-el-palmar-murcia\/#breadcrumb\"},\"inLanguage\":\"es\",\"potentialAction\":[{\"@type\":\"ReadAction\",\"target\":[\"https:\/\/inmopower.com\/index.php\/producto\/nave-industrial-en-el-palmar-murcia\/\"]}]},{\"@type\":\"ImageObject\",\"inLanguage\":\"es\",\"@id\":\"https:\/\/inmopower.com\/index.php\/producto\/nave-industrial-en-el-palmar-murcia\/#primaryimage\",\"url\":\"https:\/\/i0.wp.com\/inmopower.com\/wp-content\/uploads\/2023\/12\/WhatsApp-Image-2023-10-26-at-18.10.53-4.jpeg?fit=461%2C345&ssl=1\",\"contentUrl\":\"https:\/\/i0.wp.com\/inmopower.com\/wp-content\/uploads\/2023\/12\/WhatsApp-Image-2023-10-26-at-18.10.53-4.jpeg?fit=461%2C345&ssl=1\",\"width\":461,\"height\":345},{\"@type\":\"BreadcrumbList\",\"@id\":\"https:\/\/inmopower.com\/index.php\/producto\/nave-industrial-en-el-palmar-murcia\/#breadcrumb\",\"itemListElement\":[{\"@type\":\"ListItem\",\"position\":1,\"name\":\"Portada\",\"item\":\"https:\/\/inmopower.com\/\"},{\"@type\":\"ListItem\",\"position\":2,\"name\":\"Propiedades\",\"item\":\"https:\/\/inmopower.com\/index.php\/tienda\/\"},{\"@type\":\"ListItem\",\"position\":3,\"name\":\"Nave industrial en EL Palmar (Murcia)\"}]},{\"@type\":\"WebSite\",\"@id\":\"https:\/\/inmopower.com\/#website\",\"url\":\"https:\/\/inmopower.com\/\",\"name\":\"inmopower.com\",\"description\":\"Inmobiliaria industrial\",\"publisher\":{\"@id\":\"https:\/\/inmopower.com\/#organization\"},\"potentialAction\":[{\"@type\":\"SearchAction\",\"target\":{\"@type\":\"EntryPoint\",\"urlTemplate\":\"https:\/\/inmopower.com\/?s={search_term_string}\"},\"query-input\":{\"@type\":\"PropertyValueSpecification\",\"valueRequired\":true,\"valueName\":\"search_term_string\"}}],\"inLanguage\":\"es\"},{\"@type\":\"Organization\",\"@id\":\"https:\/\/inmopower.com\/#organization\",\"name\":\"inmopower\",\"url\":\"https:\/\/inmopower.com\/\",\"logo\":{\"@type\":\"ImageObject\",\"inLanguage\":\"es\",\"@id\":\"https:\/\/inmopower.com\/#\/schema\/logo\/image\/\",\"url\":\"https:\/\/i0.wp.com\/inmopower.com\/wp-content\/uploads\/2023\/09\/cropped-LOGO-NEGRO-2.jpg?fit=1065%2C355&ssl=1\",\"contentUrl\":\"https:\/\/i0.wp.com\/inmopower.com\/wp-content\/uploads\/2023\/09\/cropped-LOGO-NEGRO-2.jpg?fit=1065%2C355&ssl=1\",\"width\":1065,\"height\":355,\"caption\":\"inmopower\"},\"image\":{\"@id\":\"https:\/\/inmopower.com\/#\/schema\/logo\/image\/\"},\"sameAs\":[\"https:\/\/es.linkedin.com\/company\/inmo-power\"]}]}<\/script>\n<!-- \/ Yoast SEO plugin. -->","yoast_head_json":{"title":"Nave industrial en EL Palmar (Murcia) - INMOPOWER","robots":{"index":"index","follow":"follow","max-snippet":"max-snippet:-1","max-image-preview":"max-image-preview:large","max-video-preview":"max-video-preview:-1"},"canonical":"https:\/\/inmopower.com\/index.php\/producto\/nave-industrial-en-el-palmar-murcia\/","og_locale":"es_ES","og_type":"article","og_title":"Nave industrial en EL Palmar (Murcia) - INMOPOWER","og_description":"VENTA","og_url":"https:\/\/inmopower.com\/index.php\/producto\/nave-industrial-en-el-palmar-murcia\/","article_modified_time":"2023-12-25T12:00:03+00:00","og_image":[{"width":461,"height":345,"url":"https:\/\/inmopower.com\/wp-content\/uploads\/2023\/12\/WhatsApp-Image-2023-10-26-at-18.10.53-4.jpeg","type":"image\/jpeg"}],"twitter_card":"summary_large_image","twitter_misc":{"Tiempo de lectura":"1 minuto"},"schema":{"@context":"https:\/\/schema.org","@graph":[{"@type":"WebPage","@id":"https:\/\/inmopower.com\/index.php\/producto\/nave-industrial-en-el-palmar-murcia\/","url":"https:\/\/inmopower.com\/index.php\/producto\/nave-industrial-en-el-palmar-murcia\/","name":"Nave industrial en EL Palmar (Murcia) - INMOPOWER","isPartOf":{"@id":"https:\/\/inmopower.com\/#website"},"primaryImageOfPage":{"@id":"https:\/\/inmopower.com\/index.php\/producto\/nave-industrial-en-el-palmar-murcia\/#primaryimage"},"image":{"@id":"https:\/\/inmopower.com\/index.php\/producto\/nave-industrial-en-el-palmar-murcia\/#primaryimage"},"thumbnailUrl":"https:\/\/i0.wp.com\/inmopower.com\/wp-content\/uploads\/2023\/12\/WhatsApp-Image-2023-10-26-at-18.10.53-4.jpeg?fit=461%2C345&ssl=1","datePublished":"2023-12-25T11:58:07+00:00","dateModified":"2023-12-25T12:00:03+00:00","breadcrumb":{"@id":"https:\/\/inmopower.com\/index.php\/producto\/nave-industrial-en-el-palmar-murcia\/#breadcrumb"},"inLanguage":"es","potentialAction":[{"@type":"ReadAction","target":["https:\/\/inmopower.com\/index.php\/producto\/nave-industrial-en-el-palmar-murcia\/"]}]},{"@type":"ImageObject","inLanguage":"es","@id":"https:\/\/inmopower.com\/index.php\/producto\/nave-industrial-en-el-palmar-murcia\/#primaryimage","url":"https:\/\/i0.wp.com\/inmopower.com\/wp-content\/uploads\/2023\/12\/WhatsApp-Image-2023-10-26-at-18.10.53-4.jpeg?fit=461%2C345&ssl=1","contentUrl":"https:\/\/i0.wp.com\/inmopower.com\/wp-content\/uploads\/2023\/12\/WhatsApp-Image-2023-10-26-at-18.10.53-4.jpeg?fit=461%2C345&ssl=1","width":461,"height":345},{"@type":"BreadcrumbList","@id":"https:\/\/inmopower.com\/index.php\/producto\/nave-industrial-en-el-palmar-murcia\/#breadcrumb","itemListElement":[{"@type":"ListItem","position":1,"name":"Portada","item":"https:\/\/inmopower.com\/"},{"@type":"ListItem","position":2,"name":"Propiedades","item":"https:\/\/inmopower.com\/index.php\/tienda\/"},{"@type":"ListItem","position":3,"name":"Nave industrial en EL Palmar (Murcia)"}]},{"@type":"WebSite","@id":"https:\/\/inmopower.com\/#website","url":"https:\/\/inmopower.com\/","name":"inmopower.com","description":"Inmobiliaria industrial","publisher":{"@id":"https:\/\/inmopower.com\/#organization"},"potentialAction":[{"@type":"SearchAction","target":{"@type":"EntryPoint","urlTemplate":"https:\/\/inmopower.com\/?s={search_term_string}"},"query-input":{"@type":"PropertyValueSpecification","valueRequired":true,"valueName":"search_term_string"}}],"inLanguage":"es"},{"@type":"Organization","@id":"https:\/\/inmopower.com\/#organization","name":"inmopower","url":"https:\/\/inmopower.com\/","logo":{"@type":"ImageObject","inLanguage":"es","@id":"https:\/\/inmopower.com\/#\/schema\/logo\/image\/","url":"https:\/\/i0.wp.com\/inmopower.com\/wp-content\/uploads\/2023\/09\/cropped-LOGO-NEGRO-2.jpg?fit=1065%2C355&ssl=1","contentUrl":"https:\/\/i0.wp.com\/inmopower.com\/wp-content\/uploads\/2023\/09\/cropped-LOGO-NEGRO-2.jpg?fit=1065%2C355&ssl=1","width":1065,"height":355,"caption":"inmopower"},"image":{"@id":"https:\/\/inmopower.com\/#\/schema\/logo\/image\/"},"sameAs":["https:\/\/es.linkedin.com\/company\/inmo-power"]}]}},"jetpack_sharing_enabled":true,"_links":{"self":[{"href":"https:\/\/inmopower.com\/index.php\/wp-json\/wp\/v2\/product\/1496","targetHints":{"allow":["GET"]}}],"collection":[{"href":"https:\/\/inmopower.com\/index.php\/wp-json\/wp\/v2\/product"}],"about":[{"href":"https:\/\/inmopower.com\/index.php\/wp-json\/wp\/v2\/types\/product"}],"wp:featuredmedia":[{"embeddable":true,"href":"https:\/\/inmopower.com\/index.php\/wp-json\/wp\/v2\/media\/1498"}],"wp:attachment":[{"href":"https:\/\/inmopower.com\/index.php\/wp-json\/wp\/v2\/media?parent=1496"}],"wp:term":[{"taxonomy":"product_brand","embeddable":true,"href":"https:\/\/inmopower.com\/index.php\/wp-json\/wp\/v2\/product_brand?post=1496"},{"taxonomy":"product_cat","embeddable":true,"href":"https:\/\/inmopower.com\/index.php\/wp-json\/wp\/v2\/product_cat?post=1496"},{"taxonomy":"product_tag","embeddable":true,"href":"https:\/\/inmopower.com\/index.php\/wp-json\/wp\/v2\/product_tag?post=1496"}],"curies":[{"name":"wp","href":"https:\/\/api.w.org\/{rel}","templated":true}]}}