{"id":1494,"date":"2023-12-25T12:47:19","date_gmt":"2023-12-25T11:47:19","guid":{"rendered":"https:\/\/inmopower.com\/?post_type=product&#038;p=1494"},"modified":"2023-12-25T12:47:20","modified_gmt":"2023-12-25T11:47:20","slug":"cafeteria-en-san-marcelino-valencia","status":"publish","type":"product","link":"https:\/\/inmopower.com\/index.php\/producto\/cafeteria-en-san-marcelino-valencia\/","title":{"rendered":"Cafeter\u00eda en San Marcelino (Valencia)"},"content":{"rendered":"<p>Se traspasa fabulosa y rentable cafeter\u00eda en San Marcelino.<\/p>\n<p>Esta cafeter\u00eda es famosa por sus churros y chocolate. Dispone de un expendedor de churros autom\u00e1tico.<\/p>\n<p>Se traspasa con todo lo necesario para seguir con la actividad. La actual propietaria est\u00e1 dispuesta a quedarse y ayudar con la formaci\u00f3n para preparar al siguiente propietario del negocio: preparaci\u00f3n de caf\u00e9s y dulces, preparaci\u00f3n de chocolate, servicio a los clientes, uso de cocina, etc.<br \/>\nActualmente la llevan entre dos personas.<br \/>\nDispone de sal\u00f3n interior y terraza. El local est\u00e1 insonorizado.<\/p>\n<p>Licencia de apertura hasta la 1:00 de la ma\u00f1ana.<\/p>\n<p>Traspaso: 50.000\u20ac.<br \/>\nAlquiler del local: 500\u20ac\/mes<\/p>\n<p><iframe src=\"https:\/\/www.google.com\/maps\/embed?pb=!1m18!1m12!1m3!1d5576.437183541848!2d-0.3952032569584209!3d39.44488017166912!2m3!1f0!2f0!3f0!3m2!1i1024!2i768!4f13.1!3m3!1m2!1s0xd604f20a2f5b361%3A0x8eefb26590a4b608!2sSan%20Marcelino%2C%20Jes%C3%BAs%2C%2046017%20Valencia!5e1!3m2!1ses!2ses!4v1703504695310!5m2!1ses!2ses\" width=\"600\" height=\"450\" style=\"border:0;\" allowfullscreen=\"\" loading=\"lazy\" referrerpolicy=\"no-referrer-when-downgrade\"><\/iframe><\/p>\n","protected":false},"excerpt":{"rendered":"<p>TRASPASO Y ALQUILER<\/p>\n","protected":false},"featured_media":692,"template":"","meta":{"site-sidebar-layout":"default","site-content-layout":"","ast-site-content-layout":"default","site-content-style":"default","site-sidebar-style":"default","ast-global-header-display":"","ast-banner-title-visibility":"","ast-main-header-display":"","ast-hfb-above-header-display":"","ast-hfb-below-header-display":"","ast-hfb-mobile-header-display":"","site-post-title":"","ast-breadcrumbs-content":"","ast-featured-img":"","footer-sml-layout":"","theme-transparent-header-meta":"default","adv-header-id-meta":"","stick-header-meta":"","header-above-stick-meta":"","header-main-stick-meta":"","header-below-stick-meta":"","astra-migrate-meta-layouts":"set"},"product_brand":[],"product_cat":[77,80,81],"product_tag":[],"class_list":{"0":"post-1494","1":"product","2":"type-product","3":"status-publish","4":"has-post-thumbnail","6":"product_cat-ver-todos","7":"product_cat-inversion","8":"product_cat-oficinas-y-locales-comerciales","9":"desktop-align-left","10":"tablet-align-left","11":"mobile-align-left","13":"first","14":"instock","15":"shipping-taxable","16":"purchasable","17":"product-type-simple"},"yoast_head":"<!-- This site is optimized with the Yoast SEO plugin v26.6 - https:\/\/yoast.com\/wordpress\/plugins\/seo\/ -->\n<title>Cafeter\u00eda en San Marcelino (Valencia) - INMOPOWER<\/title>\n<meta name=\"robots\" content=\"index, follow, max-snippet:-1, max-image-preview:large, max-video-preview:-1\" \/>\n<link rel=\"canonical\" href=\"https:\/\/inmopower.com\/index.php\/producto\/cafeteria-en-san-marcelino-valencia\/\" \/>\n<meta property=\"og:locale\" content=\"es_ES\" \/>\n<meta property=\"og:type\" content=\"article\" \/>\n<meta property=\"og:title\" content=\"Cafeter\u00eda en San Marcelino (Valencia) - INMOPOWER\" \/>\n<meta property=\"og:description\" content=\"TRASPASO Y ALQUILER\" \/>\n<meta property=\"og:url\" content=\"https:\/\/inmopower.com\/index.php\/producto\/cafeteria-en-san-marcelino-valencia\/\" \/>\n<meta property=\"article:modified_time\" content=\"2023-12-25T11:47:20+00:00\" \/>\n<meta property=\"og:image\" content=\"https:\/\/inmopower.com\/wp-content\/uploads\/2023\/10\/WhatsApp-Image-2023-10-06-at-10.55.59.jpeg\" \/>\n\t<meta property=\"og:image:width\" content=\"768\" \/>\n\t<meta property=\"og:image:height\" content=\"1024\" \/>\n\t<meta property=\"og:image:type\" content=\"image\/jpeg\" \/>\n<meta name=\"twitter:card\" content=\"summary_large_image\" \/>\n<meta name=\"twitter:label1\" content=\"Tiempo de lectura\" \/>\n\t<meta name=\"twitter:data1\" content=\"1 minuto\" \/>\n<script type=\"application\/ld+json\" class=\"yoast-schema-graph\">{\"@context\":\"https:\/\/schema.org\",\"@graph\":[{\"@type\":\"WebPage\",\"@id\":\"https:\/\/inmopower.com\/index.php\/producto\/cafeteria-en-san-marcelino-valencia\/\",\"url\":\"https:\/\/inmopower.com\/index.php\/producto\/cafeteria-en-san-marcelino-valencia\/\",\"name\":\"Cafeter\u00eda en San Marcelino (Valencia) - INMOPOWER\",\"isPartOf\":{\"@id\":\"https:\/\/inmopower.com\/#website\"},\"primaryImageOfPage\":{\"@id\":\"https:\/\/inmopower.com\/index.php\/producto\/cafeteria-en-san-marcelino-valencia\/#primaryimage\"},\"image\":{\"@id\":\"https:\/\/inmopower.com\/index.php\/producto\/cafeteria-en-san-marcelino-valencia\/#primaryimage\"},\"thumbnailUrl\":\"https:\/\/i0.wp.com\/inmopower.com\/wp-content\/uploads\/2023\/10\/WhatsApp-Image-2023-10-06-at-10.55.59.jpeg?fit=768%2C1024&ssl=1\",\"datePublished\":\"2023-12-25T11:47:19+00:00\",\"dateModified\":\"2023-12-25T11:47:20+00:00\",\"breadcrumb\":{\"@id\":\"https:\/\/inmopower.com\/index.php\/producto\/cafeteria-en-san-marcelino-valencia\/#breadcrumb\"},\"inLanguage\":\"es\",\"potentialAction\":[{\"@type\":\"ReadAction\",\"target\":[\"https:\/\/inmopower.com\/index.php\/producto\/cafeteria-en-san-marcelino-valencia\/\"]}]},{\"@type\":\"ImageObject\",\"inLanguage\":\"es\",\"@id\":\"https:\/\/inmopower.com\/index.php\/producto\/cafeteria-en-san-marcelino-valencia\/#primaryimage\",\"url\":\"https:\/\/i0.wp.com\/inmopower.com\/wp-content\/uploads\/2023\/10\/WhatsApp-Image-2023-10-06-at-10.55.59.jpeg?fit=768%2C1024&ssl=1\",\"contentUrl\":\"https:\/\/i0.wp.com\/inmopower.com\/wp-content\/uploads\/2023\/10\/WhatsApp-Image-2023-10-06-at-10.55.59.jpeg?fit=768%2C1024&ssl=1\",\"width\":768,\"height\":1024},{\"@type\":\"BreadcrumbList\",\"@id\":\"https:\/\/inmopower.com\/index.php\/producto\/cafeteria-en-san-marcelino-valencia\/#breadcrumb\",\"itemListElement\":[{\"@type\":\"ListItem\",\"position\":1,\"name\":\"Portada\",\"item\":\"https:\/\/inmopower.com\/\"},{\"@type\":\"ListItem\",\"position\":2,\"name\":\"Propiedades\",\"item\":\"https:\/\/inmopower.com\/index.php\/tienda\/\"},{\"@type\":\"ListItem\",\"position\":3,\"name\":\"Cafeter\u00eda en San Marcelino (Valencia)\"}]},{\"@type\":\"WebSite\",\"@id\":\"https:\/\/inmopower.com\/#website\",\"url\":\"https:\/\/inmopower.com\/\",\"name\":\"inmopower.com\",\"description\":\"Inmobiliaria industrial\",\"publisher\":{\"@id\":\"https:\/\/inmopower.com\/#organization\"},\"potentialAction\":[{\"@type\":\"SearchAction\",\"target\":{\"@type\":\"EntryPoint\",\"urlTemplate\":\"https:\/\/inmopower.com\/?s={search_term_string}\"},\"query-input\":{\"@type\":\"PropertyValueSpecification\",\"valueRequired\":true,\"valueName\":\"search_term_string\"}}],\"inLanguage\":\"es\"},{\"@type\":\"Organization\",\"@id\":\"https:\/\/inmopower.com\/#organization\",\"name\":\"inmopower\",\"url\":\"https:\/\/inmopower.com\/\",\"logo\":{\"@type\":\"ImageObject\",\"inLanguage\":\"es\",\"@id\":\"https:\/\/inmopower.com\/#\/schema\/logo\/image\/\",\"url\":\"https:\/\/i0.wp.com\/inmopower.com\/wp-content\/uploads\/2023\/09\/cropped-LOGO-NEGRO-2.jpg?fit=1065%2C355&ssl=1\",\"contentUrl\":\"https:\/\/i0.wp.com\/inmopower.com\/wp-content\/uploads\/2023\/09\/cropped-LOGO-NEGRO-2.jpg?fit=1065%2C355&ssl=1\",\"width\":1065,\"height\":355,\"caption\":\"inmopower\"},\"image\":{\"@id\":\"https:\/\/inmopower.com\/#\/schema\/logo\/image\/\"},\"sameAs\":[\"https:\/\/es.linkedin.com\/company\/inmo-power\"]}]}<\/script>\n<!-- \/ Yoast SEO plugin. -->","yoast_head_json":{"title":"Cafeter\u00eda en San Marcelino (Valencia) - INMOPOWER","robots":{"index":"index","follow":"follow","max-snippet":"max-snippet:-1","max-image-preview":"max-image-preview:large","max-video-preview":"max-video-preview:-1"},"canonical":"https:\/\/inmopower.com\/index.php\/producto\/cafeteria-en-san-marcelino-valencia\/","og_locale":"es_ES","og_type":"article","og_title":"Cafeter\u00eda en San Marcelino (Valencia) - INMOPOWER","og_description":"TRASPASO Y ALQUILER","og_url":"https:\/\/inmopower.com\/index.php\/producto\/cafeteria-en-san-marcelino-valencia\/","article_modified_time":"2023-12-25T11:47:20+00:00","og_image":[{"width":768,"height":1024,"url":"https:\/\/inmopower.com\/wp-content\/uploads\/2023\/10\/WhatsApp-Image-2023-10-06-at-10.55.59.jpeg","type":"image\/jpeg"}],"twitter_card":"summary_large_image","twitter_misc":{"Tiempo de lectura":"1 minuto"},"schema":{"@context":"https:\/\/schema.org","@graph":[{"@type":"WebPage","@id":"https:\/\/inmopower.com\/index.php\/producto\/cafeteria-en-san-marcelino-valencia\/","url":"https:\/\/inmopower.com\/index.php\/producto\/cafeteria-en-san-marcelino-valencia\/","name":"Cafeter\u00eda en San Marcelino (Valencia) - INMOPOWER","isPartOf":{"@id":"https:\/\/inmopower.com\/#website"},"primaryImageOfPage":{"@id":"https:\/\/inmopower.com\/index.php\/producto\/cafeteria-en-san-marcelino-valencia\/#primaryimage"},"image":{"@id":"https:\/\/inmopower.com\/index.php\/producto\/cafeteria-en-san-marcelino-valencia\/#primaryimage"},"thumbnailUrl":"https:\/\/i0.wp.com\/inmopower.com\/wp-content\/uploads\/2023\/10\/WhatsApp-Image-2023-10-06-at-10.55.59.jpeg?fit=768%2C1024&ssl=1","datePublished":"2023-12-25T11:47:19+00:00","dateModified":"2023-12-25T11:47:20+00:00","breadcrumb":{"@id":"https:\/\/inmopower.com\/index.php\/producto\/cafeteria-en-san-marcelino-valencia\/#breadcrumb"},"inLanguage":"es","potentialAction":[{"@type":"ReadAction","target":["https:\/\/inmopower.com\/index.php\/producto\/cafeteria-en-san-marcelino-valencia\/"]}]},{"@type":"ImageObject","inLanguage":"es","@id":"https:\/\/inmopower.com\/index.php\/producto\/cafeteria-en-san-marcelino-valencia\/#primaryimage","url":"https:\/\/i0.wp.com\/inmopower.com\/wp-content\/uploads\/2023\/10\/WhatsApp-Image-2023-10-06-at-10.55.59.jpeg?fit=768%2C1024&ssl=1","contentUrl":"https:\/\/i0.wp.com\/inmopower.com\/wp-content\/uploads\/2023\/10\/WhatsApp-Image-2023-10-06-at-10.55.59.jpeg?fit=768%2C1024&ssl=1","width":768,"height":1024},{"@type":"BreadcrumbList","@id":"https:\/\/inmopower.com\/index.php\/producto\/cafeteria-en-san-marcelino-valencia\/#breadcrumb","itemListElement":[{"@type":"ListItem","position":1,"name":"Portada","item":"https:\/\/inmopower.com\/"},{"@type":"ListItem","position":2,"name":"Propiedades","item":"https:\/\/inmopower.com\/index.php\/tienda\/"},{"@type":"ListItem","position":3,"name":"Cafeter\u00eda en San Marcelino (Valencia)"}]},{"@type":"WebSite","@id":"https:\/\/inmopower.com\/#website","url":"https:\/\/inmopower.com\/","name":"inmopower.com","description":"Inmobiliaria industrial","publisher":{"@id":"https:\/\/inmopower.com\/#organization"},"potentialAction":[{"@type":"SearchAction","target":{"@type":"EntryPoint","urlTemplate":"https:\/\/inmopower.com\/?s={search_term_string}"},"query-input":{"@type":"PropertyValueSpecification","valueRequired":true,"valueName":"search_term_string"}}],"inLanguage":"es"},{"@type":"Organization","@id":"https:\/\/inmopower.com\/#organization","name":"inmopower","url":"https:\/\/inmopower.com\/","logo":{"@type":"ImageObject","inLanguage":"es","@id":"https:\/\/inmopower.com\/#\/schema\/logo\/image\/","url":"https:\/\/i0.wp.com\/inmopower.com\/wp-content\/uploads\/2023\/09\/cropped-LOGO-NEGRO-2.jpg?fit=1065%2C355&ssl=1","contentUrl":"https:\/\/i0.wp.com\/inmopower.com\/wp-content\/uploads\/2023\/09\/cropped-LOGO-NEGRO-2.jpg?fit=1065%2C355&ssl=1","width":1065,"height":355,"caption":"inmopower"},"image":{"@id":"https:\/\/inmopower.com\/#\/schema\/logo\/image\/"},"sameAs":["https:\/\/es.linkedin.com\/company\/inmo-power"]}]}},"jetpack_sharing_enabled":true,"_links":{"self":[{"href":"https:\/\/inmopower.com\/index.php\/wp-json\/wp\/v2\/product\/1494","targetHints":{"allow":["GET"]}}],"collection":[{"href":"https:\/\/inmopower.com\/index.php\/wp-json\/wp\/v2\/product"}],"about":[{"href":"https:\/\/inmopower.com\/index.php\/wp-json\/wp\/v2\/types\/product"}],"wp:featuredmedia":[{"embeddable":true,"href":"https:\/\/inmopower.com\/index.php\/wp-json\/wp\/v2\/media\/692"}],"wp:attachment":[{"href":"https:\/\/inmopower.com\/index.php\/wp-json\/wp\/v2\/media?parent=1494"}],"wp:term":[{"taxonomy":"product_brand","embeddable":true,"href":"https:\/\/inmopower.com\/index.php\/wp-json\/wp\/v2\/product_brand?post=1494"},{"taxonomy":"product_cat","embeddable":true,"href":"https:\/\/inmopower.com\/index.php\/wp-json\/wp\/v2\/product_cat?post=1494"},{"taxonomy":"product_tag","embeddable":true,"href":"https:\/\/inmopower.com\/index.php\/wp-json\/wp\/v2\/product_tag?post=1494"}],"curies":[{"name":"wp","href":"https:\/\/api.w.org\/{rel}","templated":true}]}}