{"id":1444,"date":"2023-12-24T16:46:14","date_gmt":"2023-12-24T15:46:14","guid":{"rendered":"https:\/\/inmopower.com\/?post_type=product&#038;p=1444"},"modified":"2023-12-24T16:51:14","modified_gmt":"2023-12-24T15:51:14","slug":"chalet-en-javea","status":"publish","type":"product","link":"https:\/\/inmopower.com\/index.php\/producto\/chalet-en-javea\/","title":{"rendered":"Chalet en J\u00e1vea"},"content":{"rendered":"<p>Se vende fabulosa villa en J\u00e1vea<\/p>\n<p>Esta encantadora casa te ofrece una ubicaci\u00f3n privilegiada con dos supermercados a poca distancia, para que tengas todo lo que necesitas al alcance de tu mano.<\/p>\n<p>Ubicada en una calle cerrada, esta propiedad te proporciona la tranquilidad y seguridad que deseas. Disfruta de la paz y serenidad de tu nuevo entorno.<\/p>\n<p>La villa est\u00e1 dise\u00f1ada para adaptarse a tu estilo de vida. En la planta superior, encontrar\u00e1s una naya (terraza cubierta) perfecta para relajarte, una acogedora sala de estar, una cocina funcional, dos habitaciones y un ba\u00f1o completo.<\/p>\n<p>En la planta inferior, descubrir\u00e1s un garaje independiente para proteger tu veh\u00edculo, una espaciosa sala de estar, una bodega para tus momentos especiales y otro ba\u00f1o. Adem\u00e1s, hay una amplia habitaci\u00f3n que puede convertirse en dos habitaciones seg\u00fan tus necesidades.<\/p>\n<p>No podemos olvidar el sol\u00e1rium superior, el lugar ideal para disfrutar de vistas panor\u00e1micas y momentos inolvidables bajo el cielo abierto.<\/p>\n<p>Esta casa es mucho m\u00e1s que solo cuatro paredes; es el espacio donde tus sue\u00f1os y tu estilo de vida se fusionan, \u00a1as\u00ed que no esperes m\u00e1s para hacerla tuya!<\/p>\n<p>CARACTER\u00cdSTICAS:<\/p>\n<p>&#8211; Parcela &#8230;&#8230;&#8230;1.020 m2 con jard\u00edn<br \/>\n&#8211; Casa&#8230;&#8230;&#8230;&#8230;&#8230;. 240 m2<br \/>\n&#8211; Habitaciones&#8230;&#8230;.. 3, una de ellas muy grande pudiendo con un tabique y transformarla en 2 habitaciones, lo que har\u00eda un total de 4 habitaciones. Pueden hacerse dos habitaciones m\u00e1s, con muy poco gasto, lo que podr\u00eda haber un total de 6 habitaciones.<br \/>\nComo caracter\u00edsticas, adem\u00e1s de las habitaciones tiene:<br \/>\n&#8211; 2 ba\u00f1os, pudiendo hacer uno m\u00e1s y ser 3 ba\u00f1os.<br \/>\n&#8211; 2 Salones.<br \/>\n&#8211; Cocina<br \/>\n&#8211; Garaje cubierto independiente, que puede transformarse en otra habitaci\u00f3n con ba\u00f1o.<br \/>\n&#8211; Piscina<br \/>\n&#8211; Barbacoa<br \/>\n&#8211; Bodega (puede ser otro ba\u00f1o)<br \/>\n&#8211; Terraza sol\u00e1rium.<br \/>\n&#8211; Riego autom\u00e1tico<\/p>\n","protected":false},"excerpt":{"rendered":"<p>VENTA<\/p>\n","protected":false},"featured_media":1455,"template":"","meta":{"site-sidebar-layout":"default","site-content-layout":"","ast-site-content-layout":"default","site-content-style":"default","site-sidebar-style":"default","ast-global-header-display":"","ast-banner-title-visibility":"","ast-main-header-display":"","ast-hfb-above-header-display":"","ast-hfb-below-header-display":"","ast-hfb-mobile-header-display":"","site-post-title":"","ast-breadcrumbs-content":"","ast-featured-img":"","footer-sml-layout":"","theme-transparent-header-meta":"default","adv-header-id-meta":"","stick-header-meta":"","header-above-stick-meta":"","header-main-stick-meta":"","header-below-stick-meta":"","astra-migrate-meta-layouts":"set"},"product_brand":[],"product_cat":[77,97],"product_tag":[],"class_list":{"0":"post-1444","1":"product","2":"type-product","3":"status-publish","4":"has-post-thumbnail","6":"product_cat-ver-todos","7":"product_cat-viviendas","8":"desktop-align-left","9":"tablet-align-left","10":"mobile-align-left","12":"first","13":"instock","14":"shipping-taxable","15":"purchasable","16":"product-type-simple"},"yoast_head":"<!-- This site is optimized with the Yoast SEO plugin v26.6 - https:\/\/yoast.com\/wordpress\/plugins\/seo\/ -->\n<title>Chalet en J\u00e1vea - INMOPOWER<\/title>\n<meta name=\"robots\" content=\"index, follow, max-snippet:-1, max-image-preview:large, max-video-preview:-1\" \/>\n<link rel=\"canonical\" href=\"https:\/\/inmopower.com\/index.php\/producto\/chalet-en-javea\/\" \/>\n<meta property=\"og:locale\" content=\"es_ES\" \/>\n<meta property=\"og:type\" content=\"article\" \/>\n<meta property=\"og:title\" content=\"Chalet en J\u00e1vea - INMOPOWER\" \/>\n<meta property=\"og:description\" content=\"VENTA\" \/>\n<meta property=\"og:url\" content=\"https:\/\/inmopower.com\/index.php\/producto\/chalet-en-javea\/\" \/>\n<meta property=\"article:modified_time\" content=\"2023-12-24T15:51:14+00:00\" \/>\n<meta property=\"og:image\" content=\"https:\/\/inmopower.com\/wp-content\/uploads\/2023\/12\/14.jpeg\" \/>\n\t<meta property=\"og:image:width\" content=\"900\" \/>\n\t<meta property=\"og:image:height\" content=\"1351\" \/>\n\t<meta property=\"og:image:type\" content=\"image\/jpeg\" \/>\n<meta name=\"twitter:card\" content=\"summary_large_image\" \/>\n<meta name=\"twitter:label1\" content=\"Tiempo de lectura\" \/>\n\t<meta name=\"twitter:data1\" content=\"2 minutos\" \/>\n<script type=\"application\/ld+json\" class=\"yoast-schema-graph\">{\"@context\":\"https:\/\/schema.org\",\"@graph\":[{\"@type\":\"WebPage\",\"@id\":\"https:\/\/inmopower.com\/index.php\/producto\/chalet-en-javea\/\",\"url\":\"https:\/\/inmopower.com\/index.php\/producto\/chalet-en-javea\/\",\"name\":\"Chalet en J\u00e1vea - INMOPOWER\",\"isPartOf\":{\"@id\":\"https:\/\/inmopower.com\/#website\"},\"primaryImageOfPage\":{\"@id\":\"https:\/\/inmopower.com\/index.php\/producto\/chalet-en-javea\/#primaryimage\"},\"image\":{\"@id\":\"https:\/\/inmopower.com\/index.php\/producto\/chalet-en-javea\/#primaryimage\"},\"thumbnailUrl\":\"https:\/\/i0.wp.com\/inmopower.com\/wp-content\/uploads\/2023\/12\/14.jpeg?fit=900%2C1351&ssl=1\",\"datePublished\":\"2023-12-24T15:46:14+00:00\",\"dateModified\":\"2023-12-24T15:51:14+00:00\",\"breadcrumb\":{\"@id\":\"https:\/\/inmopower.com\/index.php\/producto\/chalet-en-javea\/#breadcrumb\"},\"inLanguage\":\"es\",\"potentialAction\":[{\"@type\":\"ReadAction\",\"target\":[\"https:\/\/inmopower.com\/index.php\/producto\/chalet-en-javea\/\"]}]},{\"@type\":\"ImageObject\",\"inLanguage\":\"es\",\"@id\":\"https:\/\/inmopower.com\/index.php\/producto\/chalet-en-javea\/#primaryimage\",\"url\":\"https:\/\/i0.wp.com\/inmopower.com\/wp-content\/uploads\/2023\/12\/14.jpeg?fit=900%2C1351&ssl=1\",\"contentUrl\":\"https:\/\/i0.wp.com\/inmopower.com\/wp-content\/uploads\/2023\/12\/14.jpeg?fit=900%2C1351&ssl=1\",\"width\":900,\"height\":1351},{\"@type\":\"BreadcrumbList\",\"@id\":\"https:\/\/inmopower.com\/index.php\/producto\/chalet-en-javea\/#breadcrumb\",\"itemListElement\":[{\"@type\":\"ListItem\",\"position\":1,\"name\":\"Portada\",\"item\":\"https:\/\/inmopower.com\/\"},{\"@type\":\"ListItem\",\"position\":2,\"name\":\"Propiedades\",\"item\":\"https:\/\/inmopower.com\/index.php\/tienda\/\"},{\"@type\":\"ListItem\",\"position\":3,\"name\":\"Chalet en J\u00e1vea\"}]},{\"@type\":\"WebSite\",\"@id\":\"https:\/\/inmopower.com\/#website\",\"url\":\"https:\/\/inmopower.com\/\",\"name\":\"inmopower.com\",\"description\":\"Inmobiliaria industrial\",\"publisher\":{\"@id\":\"https:\/\/inmopower.com\/#organization\"},\"potentialAction\":[{\"@type\":\"SearchAction\",\"target\":{\"@type\":\"EntryPoint\",\"urlTemplate\":\"https:\/\/inmopower.com\/?s={search_term_string}\"},\"query-input\":{\"@type\":\"PropertyValueSpecification\",\"valueRequired\":true,\"valueName\":\"search_term_string\"}}],\"inLanguage\":\"es\"},{\"@type\":\"Organization\",\"@id\":\"https:\/\/inmopower.com\/#organization\",\"name\":\"inmopower\",\"url\":\"https:\/\/inmopower.com\/\",\"logo\":{\"@type\":\"ImageObject\",\"inLanguage\":\"es\",\"@id\":\"https:\/\/inmopower.com\/#\/schema\/logo\/image\/\",\"url\":\"https:\/\/i0.wp.com\/inmopower.com\/wp-content\/uploads\/2023\/09\/cropped-LOGO-NEGRO-2.jpg?fit=1065%2C355&ssl=1\",\"contentUrl\":\"https:\/\/i0.wp.com\/inmopower.com\/wp-content\/uploads\/2023\/09\/cropped-LOGO-NEGRO-2.jpg?fit=1065%2C355&ssl=1\",\"width\":1065,\"height\":355,\"caption\":\"inmopower\"},\"image\":{\"@id\":\"https:\/\/inmopower.com\/#\/schema\/logo\/image\/\"},\"sameAs\":[\"https:\/\/es.linkedin.com\/company\/inmo-power\"]}]}<\/script>\n<!-- \/ Yoast SEO plugin. -->","yoast_head_json":{"title":"Chalet en J\u00e1vea - INMOPOWER","robots":{"index":"index","follow":"follow","max-snippet":"max-snippet:-1","max-image-preview":"max-image-preview:large","max-video-preview":"max-video-preview:-1"},"canonical":"https:\/\/inmopower.com\/index.php\/producto\/chalet-en-javea\/","og_locale":"es_ES","og_type":"article","og_title":"Chalet en J\u00e1vea - INMOPOWER","og_description":"VENTA","og_url":"https:\/\/inmopower.com\/index.php\/producto\/chalet-en-javea\/","article_modified_time":"2023-12-24T15:51:14+00:00","og_image":[{"width":900,"height":1351,"url":"https:\/\/inmopower.com\/wp-content\/uploads\/2023\/12\/14.jpeg","type":"image\/jpeg"}],"twitter_card":"summary_large_image","twitter_misc":{"Tiempo de lectura":"2 minutos"},"schema":{"@context":"https:\/\/schema.org","@graph":[{"@type":"WebPage","@id":"https:\/\/inmopower.com\/index.php\/producto\/chalet-en-javea\/","url":"https:\/\/inmopower.com\/index.php\/producto\/chalet-en-javea\/","name":"Chalet en J\u00e1vea - INMOPOWER","isPartOf":{"@id":"https:\/\/inmopower.com\/#website"},"primaryImageOfPage":{"@id":"https:\/\/inmopower.com\/index.php\/producto\/chalet-en-javea\/#primaryimage"},"image":{"@id":"https:\/\/inmopower.com\/index.php\/producto\/chalet-en-javea\/#primaryimage"},"thumbnailUrl":"https:\/\/i0.wp.com\/inmopower.com\/wp-content\/uploads\/2023\/12\/14.jpeg?fit=900%2C1351&ssl=1","datePublished":"2023-12-24T15:46:14+00:00","dateModified":"2023-12-24T15:51:14+00:00","breadcrumb":{"@id":"https:\/\/inmopower.com\/index.php\/producto\/chalet-en-javea\/#breadcrumb"},"inLanguage":"es","potentialAction":[{"@type":"ReadAction","target":["https:\/\/inmopower.com\/index.php\/producto\/chalet-en-javea\/"]}]},{"@type":"ImageObject","inLanguage":"es","@id":"https:\/\/inmopower.com\/index.php\/producto\/chalet-en-javea\/#primaryimage","url":"https:\/\/i0.wp.com\/inmopower.com\/wp-content\/uploads\/2023\/12\/14.jpeg?fit=900%2C1351&ssl=1","contentUrl":"https:\/\/i0.wp.com\/inmopower.com\/wp-content\/uploads\/2023\/12\/14.jpeg?fit=900%2C1351&ssl=1","width":900,"height":1351},{"@type":"BreadcrumbList","@id":"https:\/\/inmopower.com\/index.php\/producto\/chalet-en-javea\/#breadcrumb","itemListElement":[{"@type":"ListItem","position":1,"name":"Portada","item":"https:\/\/inmopower.com\/"},{"@type":"ListItem","position":2,"name":"Propiedades","item":"https:\/\/inmopower.com\/index.php\/tienda\/"},{"@type":"ListItem","position":3,"name":"Chalet en J\u00e1vea"}]},{"@type":"WebSite","@id":"https:\/\/inmopower.com\/#website","url":"https:\/\/inmopower.com\/","name":"inmopower.com","description":"Inmobiliaria industrial","publisher":{"@id":"https:\/\/inmopower.com\/#organization"},"potentialAction":[{"@type":"SearchAction","target":{"@type":"EntryPoint","urlTemplate":"https:\/\/inmopower.com\/?s={search_term_string}"},"query-input":{"@type":"PropertyValueSpecification","valueRequired":true,"valueName":"search_term_string"}}],"inLanguage":"es"},{"@type":"Organization","@id":"https:\/\/inmopower.com\/#organization","name":"inmopower","url":"https:\/\/inmopower.com\/","logo":{"@type":"ImageObject","inLanguage":"es","@id":"https:\/\/inmopower.com\/#\/schema\/logo\/image\/","url":"https:\/\/i0.wp.com\/inmopower.com\/wp-content\/uploads\/2023\/09\/cropped-LOGO-NEGRO-2.jpg?fit=1065%2C355&ssl=1","contentUrl":"https:\/\/i0.wp.com\/inmopower.com\/wp-content\/uploads\/2023\/09\/cropped-LOGO-NEGRO-2.jpg?fit=1065%2C355&ssl=1","width":1065,"height":355,"caption":"inmopower"},"image":{"@id":"https:\/\/inmopower.com\/#\/schema\/logo\/image\/"},"sameAs":["https:\/\/es.linkedin.com\/company\/inmo-power"]}]}},"jetpack_sharing_enabled":true,"_links":{"self":[{"href":"https:\/\/inmopower.com\/index.php\/wp-json\/wp\/v2\/product\/1444","targetHints":{"allow":["GET"]}}],"collection":[{"href":"https:\/\/inmopower.com\/index.php\/wp-json\/wp\/v2\/product"}],"about":[{"href":"https:\/\/inmopower.com\/index.php\/wp-json\/wp\/v2\/types\/product"}],"wp:featuredmedia":[{"embeddable":true,"href":"https:\/\/inmopower.com\/index.php\/wp-json\/wp\/v2\/media\/1455"}],"wp:attachment":[{"href":"https:\/\/inmopower.com\/index.php\/wp-json\/wp\/v2\/media?parent=1444"}],"wp:term":[{"taxonomy":"product_brand","embeddable":true,"href":"https:\/\/inmopower.com\/index.php\/wp-json\/wp\/v2\/product_brand?post=1444"},{"taxonomy":"product_cat","embeddable":true,"href":"https:\/\/inmopower.com\/index.php\/wp-json\/wp\/v2\/product_cat?post=1444"},{"taxonomy":"product_tag","embeddable":true,"href":"https:\/\/inmopower.com\/index.php\/wp-json\/wp\/v2\/product_tag?post=1444"}],"curies":[{"name":"wp","href":"https:\/\/api.w.org\/{rel}","templated":true}]}}