{"id":1417,"date":"2023-12-24T13:41:05","date_gmt":"2023-12-24T12:41:05","guid":{"rendered":"https:\/\/inmopower.com\/?post_type=product&#038;p=1417"},"modified":"2023-12-24T13:42:41","modified_gmt":"2023-12-24T12:42:41","slug":"nave-industrial-en-catarroja-2","status":"publish","type":"product","link":"https:\/\/inmopower.com\/index.php\/producto\/nave-industrial-en-catarroja-2\/","title":{"rendered":"Nave industrial en Catarroja"},"content":{"rendered":"<p>En venta esta magn\u00edfica nave industrial en Catarroja. Dispone de puerta de entrada para camiones y puerta independiente para oficinas.<\/p>\n<p>Esta nave se vende junto a su contigua o de forma independiente (ambas est\u00e1n unidas por una puerta autom\u00e1tica).<\/p>\n<p>Su superficie es de 300m2. Fue construida en el a\u00f1o 2005<\/p>\n<p>Disponible tambi\u00e9n en venta nave contigua de las mismas caracter\u00edsticas con instalaci\u00f3n de c\u00e1maras de fr\u00edo y muelle de carga.<\/p>\n<p><iframe src=\"https:\/\/www.google.com\/maps\/embed?pb=!1m18!1m12!1m3!1d11159.625012336084!2d-0.41404408676063276!3d39.40271039592573!2m3!1f0!2f0!3f0!3m2!1i1024!2i768!4f13.1!3m3!1m2!1s0xd604c281cde90e3%3A0xc07903b4053cd6c!2s46470%20Catarroja%2C%20Valencia!5e1!3m2!1ses!2ses!4v1703421493092!5m2!1ses!2ses\" width=\"600\" height=\"450\" style=\"border:0;\" allowfullscreen=\"\" loading=\"lazy\" referrerpolicy=\"no-referrer-when-downgrade\"><\/iframe><\/p>\n","protected":false},"excerpt":{"rendered":"<p>VENTA<\/p>\n","protected":false},"featured_media":403,"template":"","meta":{"site-sidebar-layout":"default","site-content-layout":"","ast-site-content-layout":"default","site-content-style":"default","site-sidebar-style":"default","ast-global-header-display":"","ast-banner-title-visibility":"","ast-main-header-display":"","ast-hfb-above-header-display":"","ast-hfb-below-header-display":"","ast-hfb-mobile-header-display":"","site-post-title":"","ast-breadcrumbs-content":"","ast-featured-img":"","footer-sml-layout":"","theme-transparent-header-meta":"default","adv-header-id-meta":"","stick-header-meta":"","header-above-stick-meta":"","header-main-stick-meta":"","header-below-stick-meta":"","astra-migrate-meta-layouts":"set"},"product_brand":[],"product_cat":[77,79],"product_tag":[],"class_list":{"0":"post-1417","1":"product","2":"type-product","3":"status-publish","4":"has-post-thumbnail","6":"product_cat-ver-todos","7":"product_cat-industrial-y-logistico","8":"desktop-align-left","9":"tablet-align-left","10":"mobile-align-left","12":"first","13":"instock","14":"shipping-taxable","15":"purchasable","16":"product-type-simple"},"yoast_head":"<!-- This site is optimized with the Yoast SEO plugin v26.6 - https:\/\/yoast.com\/wordpress\/plugins\/seo\/ -->\n<title>Nave industrial en Catarroja - INMOPOWER<\/title>\n<meta name=\"robots\" content=\"index, follow, max-snippet:-1, max-image-preview:large, max-video-preview:-1\" \/>\n<link rel=\"canonical\" href=\"https:\/\/inmopower.com\/index.php\/producto\/nave-industrial-en-catarroja-2\/\" \/>\n<meta property=\"og:locale\" content=\"es_ES\" \/>\n<meta property=\"og:type\" content=\"article\" \/>\n<meta property=\"og:title\" content=\"Nave industrial en Catarroja - INMOPOWER\" \/>\n<meta property=\"og:description\" content=\"VENTA\" \/>\n<meta property=\"og:url\" content=\"https:\/\/inmopower.com\/index.php\/producto\/nave-industrial-en-catarroja-2\/\" \/>\n<meta property=\"article:modified_time\" content=\"2023-12-24T12:42:41+00:00\" \/>\n<meta property=\"og:image\" content=\"https:\/\/inmopower.com\/wp-content\/uploads\/2023\/09\/WhatsApp-Image-2023-09-25-at-11.02.58.jpeg\" \/>\n\t<meta property=\"og:image:width\" content=\"1200\" \/>\n\t<meta property=\"og:image:height\" content=\"1600\" \/>\n\t<meta property=\"og:image:type\" content=\"image\/jpeg\" \/>\n<meta name=\"twitter:card\" content=\"summary_large_image\" \/>\n<meta name=\"twitter:label1\" content=\"Tiempo de lectura\" \/>\n\t<meta name=\"twitter:data1\" content=\"1 minuto\" \/>\n<script type=\"application\/ld+json\" class=\"yoast-schema-graph\">{\"@context\":\"https:\/\/schema.org\",\"@graph\":[{\"@type\":\"WebPage\",\"@id\":\"https:\/\/inmopower.com\/index.php\/producto\/nave-industrial-en-catarroja-2\/\",\"url\":\"https:\/\/inmopower.com\/index.php\/producto\/nave-industrial-en-catarroja-2\/\",\"name\":\"Nave industrial en Catarroja - INMOPOWER\",\"isPartOf\":{\"@id\":\"https:\/\/inmopower.com\/#website\"},\"primaryImageOfPage\":{\"@id\":\"https:\/\/inmopower.com\/index.php\/producto\/nave-industrial-en-catarroja-2\/#primaryimage\"},\"image\":{\"@id\":\"https:\/\/inmopower.com\/index.php\/producto\/nave-industrial-en-catarroja-2\/#primaryimage\"},\"thumbnailUrl\":\"https:\/\/i0.wp.com\/inmopower.com\/wp-content\/uploads\/2023\/09\/WhatsApp-Image-2023-09-25-at-11.02.58.jpeg?fit=1200%2C1600&ssl=1\",\"datePublished\":\"2023-12-24T12:41:05+00:00\",\"dateModified\":\"2023-12-24T12:42:41+00:00\",\"breadcrumb\":{\"@id\":\"https:\/\/inmopower.com\/index.php\/producto\/nave-industrial-en-catarroja-2\/#breadcrumb\"},\"inLanguage\":\"es\",\"potentialAction\":[{\"@type\":\"ReadAction\",\"target\":[\"https:\/\/inmopower.com\/index.php\/producto\/nave-industrial-en-catarroja-2\/\"]}]},{\"@type\":\"ImageObject\",\"inLanguage\":\"es\",\"@id\":\"https:\/\/inmopower.com\/index.php\/producto\/nave-industrial-en-catarroja-2\/#primaryimage\",\"url\":\"https:\/\/i0.wp.com\/inmopower.com\/wp-content\/uploads\/2023\/09\/WhatsApp-Image-2023-09-25-at-11.02.58.jpeg?fit=1200%2C1600&ssl=1\",\"contentUrl\":\"https:\/\/i0.wp.com\/inmopower.com\/wp-content\/uploads\/2023\/09\/WhatsApp-Image-2023-09-25-at-11.02.58.jpeg?fit=1200%2C1600&ssl=1\",\"width\":1200,\"height\":1600},{\"@type\":\"BreadcrumbList\",\"@id\":\"https:\/\/inmopower.com\/index.php\/producto\/nave-industrial-en-catarroja-2\/#breadcrumb\",\"itemListElement\":[{\"@type\":\"ListItem\",\"position\":1,\"name\":\"Portada\",\"item\":\"https:\/\/inmopower.com\/\"},{\"@type\":\"ListItem\",\"position\":2,\"name\":\"Propiedades\",\"item\":\"https:\/\/inmopower.com\/index.php\/tienda\/\"},{\"@type\":\"ListItem\",\"position\":3,\"name\":\"Nave industrial en Catarroja\"}]},{\"@type\":\"WebSite\",\"@id\":\"https:\/\/inmopower.com\/#website\",\"url\":\"https:\/\/inmopower.com\/\",\"name\":\"inmopower.com\",\"description\":\"Inmobiliaria industrial\",\"publisher\":{\"@id\":\"https:\/\/inmopower.com\/#organization\"},\"potentialAction\":[{\"@type\":\"SearchAction\",\"target\":{\"@type\":\"EntryPoint\",\"urlTemplate\":\"https:\/\/inmopower.com\/?s={search_term_string}\"},\"query-input\":{\"@type\":\"PropertyValueSpecification\",\"valueRequired\":true,\"valueName\":\"search_term_string\"}}],\"inLanguage\":\"es\"},{\"@type\":\"Organization\",\"@id\":\"https:\/\/inmopower.com\/#organization\",\"name\":\"inmopower\",\"url\":\"https:\/\/inmopower.com\/\",\"logo\":{\"@type\":\"ImageObject\",\"inLanguage\":\"es\",\"@id\":\"https:\/\/inmopower.com\/#\/schema\/logo\/image\/\",\"url\":\"https:\/\/i0.wp.com\/inmopower.com\/wp-content\/uploads\/2023\/09\/cropped-LOGO-NEGRO-2.jpg?fit=1065%2C355&ssl=1\",\"contentUrl\":\"https:\/\/i0.wp.com\/inmopower.com\/wp-content\/uploads\/2023\/09\/cropped-LOGO-NEGRO-2.jpg?fit=1065%2C355&ssl=1\",\"width\":1065,\"height\":355,\"caption\":\"inmopower\"},\"image\":{\"@id\":\"https:\/\/inmopower.com\/#\/schema\/logo\/image\/\"},\"sameAs\":[\"https:\/\/es.linkedin.com\/company\/inmo-power\"]}]}<\/script>\n<!-- \/ Yoast SEO plugin. -->","yoast_head_json":{"title":"Nave industrial en Catarroja - INMOPOWER","robots":{"index":"index","follow":"follow","max-snippet":"max-snippet:-1","max-image-preview":"max-image-preview:large","max-video-preview":"max-video-preview:-1"},"canonical":"https:\/\/inmopower.com\/index.php\/producto\/nave-industrial-en-catarroja-2\/","og_locale":"es_ES","og_type":"article","og_title":"Nave industrial en Catarroja - INMOPOWER","og_description":"VENTA","og_url":"https:\/\/inmopower.com\/index.php\/producto\/nave-industrial-en-catarroja-2\/","article_modified_time":"2023-12-24T12:42:41+00:00","og_image":[{"width":1200,"height":1600,"url":"https:\/\/inmopower.com\/wp-content\/uploads\/2023\/09\/WhatsApp-Image-2023-09-25-at-11.02.58.jpeg","type":"image\/jpeg"}],"twitter_card":"summary_large_image","twitter_misc":{"Tiempo de lectura":"1 minuto"},"schema":{"@context":"https:\/\/schema.org","@graph":[{"@type":"WebPage","@id":"https:\/\/inmopower.com\/index.php\/producto\/nave-industrial-en-catarroja-2\/","url":"https:\/\/inmopower.com\/index.php\/producto\/nave-industrial-en-catarroja-2\/","name":"Nave industrial en Catarroja - INMOPOWER","isPartOf":{"@id":"https:\/\/inmopower.com\/#website"},"primaryImageOfPage":{"@id":"https:\/\/inmopower.com\/index.php\/producto\/nave-industrial-en-catarroja-2\/#primaryimage"},"image":{"@id":"https:\/\/inmopower.com\/index.php\/producto\/nave-industrial-en-catarroja-2\/#primaryimage"},"thumbnailUrl":"https:\/\/i0.wp.com\/inmopower.com\/wp-content\/uploads\/2023\/09\/WhatsApp-Image-2023-09-25-at-11.02.58.jpeg?fit=1200%2C1600&ssl=1","datePublished":"2023-12-24T12:41:05+00:00","dateModified":"2023-12-24T12:42:41+00:00","breadcrumb":{"@id":"https:\/\/inmopower.com\/index.php\/producto\/nave-industrial-en-catarroja-2\/#breadcrumb"},"inLanguage":"es","potentialAction":[{"@type":"ReadAction","target":["https:\/\/inmopower.com\/index.php\/producto\/nave-industrial-en-catarroja-2\/"]}]},{"@type":"ImageObject","inLanguage":"es","@id":"https:\/\/inmopower.com\/index.php\/producto\/nave-industrial-en-catarroja-2\/#primaryimage","url":"https:\/\/i0.wp.com\/inmopower.com\/wp-content\/uploads\/2023\/09\/WhatsApp-Image-2023-09-25-at-11.02.58.jpeg?fit=1200%2C1600&ssl=1","contentUrl":"https:\/\/i0.wp.com\/inmopower.com\/wp-content\/uploads\/2023\/09\/WhatsApp-Image-2023-09-25-at-11.02.58.jpeg?fit=1200%2C1600&ssl=1","width":1200,"height":1600},{"@type":"BreadcrumbList","@id":"https:\/\/inmopower.com\/index.php\/producto\/nave-industrial-en-catarroja-2\/#breadcrumb","itemListElement":[{"@type":"ListItem","position":1,"name":"Portada","item":"https:\/\/inmopower.com\/"},{"@type":"ListItem","position":2,"name":"Propiedades","item":"https:\/\/inmopower.com\/index.php\/tienda\/"},{"@type":"ListItem","position":3,"name":"Nave industrial en Catarroja"}]},{"@type":"WebSite","@id":"https:\/\/inmopower.com\/#website","url":"https:\/\/inmopower.com\/","name":"inmopower.com","description":"Inmobiliaria industrial","publisher":{"@id":"https:\/\/inmopower.com\/#organization"},"potentialAction":[{"@type":"SearchAction","target":{"@type":"EntryPoint","urlTemplate":"https:\/\/inmopower.com\/?s={search_term_string}"},"query-input":{"@type":"PropertyValueSpecification","valueRequired":true,"valueName":"search_term_string"}}],"inLanguage":"es"},{"@type":"Organization","@id":"https:\/\/inmopower.com\/#organization","name":"inmopower","url":"https:\/\/inmopower.com\/","logo":{"@type":"ImageObject","inLanguage":"es","@id":"https:\/\/inmopower.com\/#\/schema\/logo\/image\/","url":"https:\/\/i0.wp.com\/inmopower.com\/wp-content\/uploads\/2023\/09\/cropped-LOGO-NEGRO-2.jpg?fit=1065%2C355&ssl=1","contentUrl":"https:\/\/i0.wp.com\/inmopower.com\/wp-content\/uploads\/2023\/09\/cropped-LOGO-NEGRO-2.jpg?fit=1065%2C355&ssl=1","width":1065,"height":355,"caption":"inmopower"},"image":{"@id":"https:\/\/inmopower.com\/#\/schema\/logo\/image\/"},"sameAs":["https:\/\/es.linkedin.com\/company\/inmo-power"]}]}},"jetpack_sharing_enabled":true,"_links":{"self":[{"href":"https:\/\/inmopower.com\/index.php\/wp-json\/wp\/v2\/product\/1417","targetHints":{"allow":["GET"]}}],"collection":[{"href":"https:\/\/inmopower.com\/index.php\/wp-json\/wp\/v2\/product"}],"about":[{"href":"https:\/\/inmopower.com\/index.php\/wp-json\/wp\/v2\/types\/product"}],"wp:featuredmedia":[{"embeddable":true,"href":"https:\/\/inmopower.com\/index.php\/wp-json\/wp\/v2\/media\/403"}],"wp:attachment":[{"href":"https:\/\/inmopower.com\/index.php\/wp-json\/wp\/v2\/media?parent=1417"}],"wp:term":[{"taxonomy":"product_brand","embeddable":true,"href":"https:\/\/inmopower.com\/index.php\/wp-json\/wp\/v2\/product_brand?post=1417"},{"taxonomy":"product_cat","embeddable":true,"href":"https:\/\/inmopower.com\/index.php\/wp-json\/wp\/v2\/product_cat?post=1417"},{"taxonomy":"product_tag","embeddable":true,"href":"https:\/\/inmopower.com\/index.php\/wp-json\/wp\/v2\/product_tag?post=1417"}],"curies":[{"name":"wp","href":"https:\/\/api.w.org\/{rel}","templated":true}]}}