{"id":1397,"date":"2023-12-23T21:37:29","date_gmt":"2023-12-23T20:37:29","guid":{"rendered":"https:\/\/inmopower.com\/?post_type=product&#038;p=1397"},"modified":"2023-12-24T12:10:44","modified_gmt":"2023-12-24T11:10:44","slug":"suelo-urbano-con-casa-independiente-en-puzol","status":"publish","type":"product","link":"https:\/\/inmopower.com\/index.php\/producto\/suelo-urbano-con-casa-independiente-en-puzol\/","title":{"rendered":"Suelo urbano con casa independiente en Puzol"},"content":{"rendered":"<p>Se vende gran casa de pueblo para reformar con superficie total de 449m2 distribuidos en vivienda, jard\u00edn y almac\u00e9n.<\/p>\n<p>El inmueble tiene salida a 2 calles paralelas, accediendo por una parte a la vivienda y por la otra a la superficie de almac\u00e9n.<\/p>\n<p>En total dispone de 4 habitaciones, 3 ba\u00f1os, 2 salones, jard\u00edn, terraza y almac\u00e9n.<\/p>\n<p>Debido a la gran superficie de la parcela, las posibilidades que ofrece este inmueble son incontables. La vivienda se encuentra para reformar, lo que ofrece una oportunidad para personalizarla y dejarla a tu medida. Su buena orientaci\u00f3n, permite tener una buena iluminaci\u00f3n durante todo el d\u00eda en el jard\u00edn, donde se puede crear una zona agradable para descansar tranquilamente con un poco de naturaleza u organizar eventos con amigos.<\/p>\n<p>Por \u00faltimo, disponemos de un gran espacio de almac\u00e9n al que podemos acceder por la calle posterior el que podr\u00edamos hacer servir de gran garaje o incluso plantearse construir una vivienda diferente en \u00e9l.<\/p>\n<p>Te aconsejamos, mires el v\u00eddeo de la visita completo y el plano que hemos realizado para conocer bien su distribuci\u00f3n y poder entender la maravilla de inmueble que os presentamos.<\/p>\n<p>Solic\u00edtanos una visita para verlo en persona!<\/p>\n<p><iframe src=\"https:\/\/www.google.com\/maps\/embed?pb=!1m18!1m12!1m3!1d44499.69359771941!2d-0.3473732291405663!3d39.61909234093613!2m3!1f0!2f0!3f0!3m2!1i1024!2i768!4f13.1!3m3!1m2!1s0xd60407a5b36570f%3A0x402af6ed7238be0!2sPuzol%2C%2046530%2C%20Valencia!5e1!3m2!1ses!2ses!4v1703363679778!5m2!1ses!2ses\" width=\"600\" height=\"450\" style=\"border:0;\" allowfullscreen=\"\" loading=\"lazy\" referrerpolicy=\"no-referrer-when-downgrade\"><\/iframe><\/p>\n","protected":false},"excerpt":{"rendered":"<p>VENTA<\/p>\n","protected":false},"featured_media":1398,"template":"","meta":{"site-sidebar-layout":"default","site-content-layout":"","ast-site-content-layout":"default","site-content-style":"default","site-sidebar-style":"default","ast-global-header-display":"","ast-banner-title-visibility":"","ast-main-header-display":"","ast-hfb-above-header-display":"","ast-hfb-below-header-display":"","ast-hfb-mobile-header-display":"","site-post-title":"","ast-breadcrumbs-content":"","ast-featured-img":"","footer-sml-layout":"","theme-transparent-header-meta":"default","adv-header-id-meta":"","stick-header-meta":"","header-above-stick-meta":"","header-main-stick-meta":"","header-below-stick-meta":"","astra-migrate-meta-layouts":"set"},"product_brand":[],"product_cat":[77,82,97],"product_tag":[],"class_list":{"0":"post-1397","1":"product","2":"type-product","3":"status-publish","4":"has-post-thumbnail","6":"product_cat-ver-todos","7":"product_cat-suelo","8":"product_cat-viviendas","9":"desktop-align-left","10":"tablet-align-left","11":"mobile-align-left","13":"first","14":"instock","15":"shipping-taxable","16":"purchasable","17":"product-type-simple"},"yoast_head":"<!-- This site is optimized with the Yoast SEO plugin v26.6 - https:\/\/yoast.com\/wordpress\/plugins\/seo\/ -->\n<title>Suelo urbano con casa independiente en Puzol - INMOPOWER<\/title>\n<meta name=\"robots\" content=\"index, follow, max-snippet:-1, max-image-preview:large, max-video-preview:-1\" \/>\n<link rel=\"canonical\" href=\"https:\/\/inmopower.com\/index.php\/producto\/suelo-urbano-con-casa-independiente-en-puzol\/\" \/>\n<meta property=\"og:locale\" content=\"es_ES\" \/>\n<meta property=\"og:type\" content=\"article\" \/>\n<meta property=\"og:title\" content=\"Suelo urbano con casa independiente en Puzol - INMOPOWER\" \/>\n<meta property=\"og:description\" content=\"VENTA\" \/>\n<meta property=\"og:url\" content=\"https:\/\/inmopower.com\/index.php\/producto\/suelo-urbano-con-casa-independiente-en-puzol\/\" \/>\n<meta property=\"article:modified_time\" content=\"2023-12-24T11:10:44+00:00\" \/>\n<meta property=\"og:image\" content=\"https:\/\/inmopower.com\/wp-content\/uploads\/2023\/12\/WhatsApp-Image-2023-12-23-at-21.37.53.jpeg\" \/>\n\t<meta property=\"og:image:width\" content=\"1600\" \/>\n\t<meta property=\"og:image:height\" content=\"1200\" \/>\n\t<meta property=\"og:image:type\" content=\"image\/jpeg\" \/>\n<meta name=\"twitter:card\" content=\"summary_large_image\" \/>\n<meta name=\"twitter:label1\" content=\"Tiempo de lectura\" \/>\n\t<meta name=\"twitter:data1\" content=\"2 minutos\" \/>\n<script type=\"application\/ld+json\" class=\"yoast-schema-graph\">{\"@context\":\"https:\/\/schema.org\",\"@graph\":[{\"@type\":\"WebPage\",\"@id\":\"https:\/\/inmopower.com\/index.php\/producto\/suelo-urbano-con-casa-independiente-en-puzol\/\",\"url\":\"https:\/\/inmopower.com\/index.php\/producto\/suelo-urbano-con-casa-independiente-en-puzol\/\",\"name\":\"Suelo urbano con casa independiente en Puzol - INMOPOWER\",\"isPartOf\":{\"@id\":\"https:\/\/inmopower.com\/#website\"},\"primaryImageOfPage\":{\"@id\":\"https:\/\/inmopower.com\/index.php\/producto\/suelo-urbano-con-casa-independiente-en-puzol\/#primaryimage\"},\"image\":{\"@id\":\"https:\/\/inmopower.com\/index.php\/producto\/suelo-urbano-con-casa-independiente-en-puzol\/#primaryimage\"},\"thumbnailUrl\":\"https:\/\/i0.wp.com\/inmopower.com\/wp-content\/uploads\/2023\/12\/WhatsApp-Image-2023-12-23-at-21.37.53.jpeg?fit=1600%2C1200&ssl=1\",\"datePublished\":\"2023-12-23T20:37:29+00:00\",\"dateModified\":\"2023-12-24T11:10:44+00:00\",\"breadcrumb\":{\"@id\":\"https:\/\/inmopower.com\/index.php\/producto\/suelo-urbano-con-casa-independiente-en-puzol\/#breadcrumb\"},\"inLanguage\":\"es\",\"potentialAction\":[{\"@type\":\"ReadAction\",\"target\":[\"https:\/\/inmopower.com\/index.php\/producto\/suelo-urbano-con-casa-independiente-en-puzol\/\"]}]},{\"@type\":\"ImageObject\",\"inLanguage\":\"es\",\"@id\":\"https:\/\/inmopower.com\/index.php\/producto\/suelo-urbano-con-casa-independiente-en-puzol\/#primaryimage\",\"url\":\"https:\/\/i0.wp.com\/inmopower.com\/wp-content\/uploads\/2023\/12\/WhatsApp-Image-2023-12-23-at-21.37.53.jpeg?fit=1600%2C1200&ssl=1\",\"contentUrl\":\"https:\/\/i0.wp.com\/inmopower.com\/wp-content\/uploads\/2023\/12\/WhatsApp-Image-2023-12-23-at-21.37.53.jpeg?fit=1600%2C1200&ssl=1\",\"width\":1600,\"height\":1200},{\"@type\":\"BreadcrumbList\",\"@id\":\"https:\/\/inmopower.com\/index.php\/producto\/suelo-urbano-con-casa-independiente-en-puzol\/#breadcrumb\",\"itemListElement\":[{\"@type\":\"ListItem\",\"position\":1,\"name\":\"Portada\",\"item\":\"https:\/\/inmopower.com\/\"},{\"@type\":\"ListItem\",\"position\":2,\"name\":\"Propiedades\",\"item\":\"https:\/\/inmopower.com\/index.php\/tienda\/\"},{\"@type\":\"ListItem\",\"position\":3,\"name\":\"Suelo urbano con casa independiente en Puzol\"}]},{\"@type\":\"WebSite\",\"@id\":\"https:\/\/inmopower.com\/#website\",\"url\":\"https:\/\/inmopower.com\/\",\"name\":\"inmopower.com\",\"description\":\"Inmobiliaria industrial\",\"publisher\":{\"@id\":\"https:\/\/inmopower.com\/#organization\"},\"potentialAction\":[{\"@type\":\"SearchAction\",\"target\":{\"@type\":\"EntryPoint\",\"urlTemplate\":\"https:\/\/inmopower.com\/?s={search_term_string}\"},\"query-input\":{\"@type\":\"PropertyValueSpecification\",\"valueRequired\":true,\"valueName\":\"search_term_string\"}}],\"inLanguage\":\"es\"},{\"@type\":\"Organization\",\"@id\":\"https:\/\/inmopower.com\/#organization\",\"name\":\"inmopower\",\"url\":\"https:\/\/inmopower.com\/\",\"logo\":{\"@type\":\"ImageObject\",\"inLanguage\":\"es\",\"@id\":\"https:\/\/inmopower.com\/#\/schema\/logo\/image\/\",\"url\":\"https:\/\/i0.wp.com\/inmopower.com\/wp-content\/uploads\/2023\/09\/cropped-LOGO-NEGRO-2.jpg?fit=1065%2C355&ssl=1\",\"contentUrl\":\"https:\/\/i0.wp.com\/inmopower.com\/wp-content\/uploads\/2023\/09\/cropped-LOGO-NEGRO-2.jpg?fit=1065%2C355&ssl=1\",\"width\":1065,\"height\":355,\"caption\":\"inmopower\"},\"image\":{\"@id\":\"https:\/\/inmopower.com\/#\/schema\/logo\/image\/\"},\"sameAs\":[\"https:\/\/es.linkedin.com\/company\/inmo-power\"]}]}<\/script>\n<!-- \/ Yoast SEO plugin. -->","yoast_head_json":{"title":"Suelo urbano con casa independiente en Puzol - INMOPOWER","robots":{"index":"index","follow":"follow","max-snippet":"max-snippet:-1","max-image-preview":"max-image-preview:large","max-video-preview":"max-video-preview:-1"},"canonical":"https:\/\/inmopower.com\/index.php\/producto\/suelo-urbano-con-casa-independiente-en-puzol\/","og_locale":"es_ES","og_type":"article","og_title":"Suelo urbano con casa independiente en Puzol - INMOPOWER","og_description":"VENTA","og_url":"https:\/\/inmopower.com\/index.php\/producto\/suelo-urbano-con-casa-independiente-en-puzol\/","article_modified_time":"2023-12-24T11:10:44+00:00","og_image":[{"width":1600,"height":1200,"url":"https:\/\/inmopower.com\/wp-content\/uploads\/2023\/12\/WhatsApp-Image-2023-12-23-at-21.37.53.jpeg","type":"image\/jpeg"}],"twitter_card":"summary_large_image","twitter_misc":{"Tiempo de lectura":"2 minutos"},"schema":{"@context":"https:\/\/schema.org","@graph":[{"@type":"WebPage","@id":"https:\/\/inmopower.com\/index.php\/producto\/suelo-urbano-con-casa-independiente-en-puzol\/","url":"https:\/\/inmopower.com\/index.php\/producto\/suelo-urbano-con-casa-independiente-en-puzol\/","name":"Suelo urbano con casa independiente en Puzol - INMOPOWER","isPartOf":{"@id":"https:\/\/inmopower.com\/#website"},"primaryImageOfPage":{"@id":"https:\/\/inmopower.com\/index.php\/producto\/suelo-urbano-con-casa-independiente-en-puzol\/#primaryimage"},"image":{"@id":"https:\/\/inmopower.com\/index.php\/producto\/suelo-urbano-con-casa-independiente-en-puzol\/#primaryimage"},"thumbnailUrl":"https:\/\/i0.wp.com\/inmopower.com\/wp-content\/uploads\/2023\/12\/WhatsApp-Image-2023-12-23-at-21.37.53.jpeg?fit=1600%2C1200&ssl=1","datePublished":"2023-12-23T20:37:29+00:00","dateModified":"2023-12-24T11:10:44+00:00","breadcrumb":{"@id":"https:\/\/inmopower.com\/index.php\/producto\/suelo-urbano-con-casa-independiente-en-puzol\/#breadcrumb"},"inLanguage":"es","potentialAction":[{"@type":"ReadAction","target":["https:\/\/inmopower.com\/index.php\/producto\/suelo-urbano-con-casa-independiente-en-puzol\/"]}]},{"@type":"ImageObject","inLanguage":"es","@id":"https:\/\/inmopower.com\/index.php\/producto\/suelo-urbano-con-casa-independiente-en-puzol\/#primaryimage","url":"https:\/\/i0.wp.com\/inmopower.com\/wp-content\/uploads\/2023\/12\/WhatsApp-Image-2023-12-23-at-21.37.53.jpeg?fit=1600%2C1200&ssl=1","contentUrl":"https:\/\/i0.wp.com\/inmopower.com\/wp-content\/uploads\/2023\/12\/WhatsApp-Image-2023-12-23-at-21.37.53.jpeg?fit=1600%2C1200&ssl=1","width":1600,"height":1200},{"@type":"BreadcrumbList","@id":"https:\/\/inmopower.com\/index.php\/producto\/suelo-urbano-con-casa-independiente-en-puzol\/#breadcrumb","itemListElement":[{"@type":"ListItem","position":1,"name":"Portada","item":"https:\/\/inmopower.com\/"},{"@type":"ListItem","position":2,"name":"Propiedades","item":"https:\/\/inmopower.com\/index.php\/tienda\/"},{"@type":"ListItem","position":3,"name":"Suelo urbano con casa independiente en Puzol"}]},{"@type":"WebSite","@id":"https:\/\/inmopower.com\/#website","url":"https:\/\/inmopower.com\/","name":"inmopower.com","description":"Inmobiliaria industrial","publisher":{"@id":"https:\/\/inmopower.com\/#organization"},"potentialAction":[{"@type":"SearchAction","target":{"@type":"EntryPoint","urlTemplate":"https:\/\/inmopower.com\/?s={search_term_string}"},"query-input":{"@type":"PropertyValueSpecification","valueRequired":true,"valueName":"search_term_string"}}],"inLanguage":"es"},{"@type":"Organization","@id":"https:\/\/inmopower.com\/#organization","name":"inmopower","url":"https:\/\/inmopower.com\/","logo":{"@type":"ImageObject","inLanguage":"es","@id":"https:\/\/inmopower.com\/#\/schema\/logo\/image\/","url":"https:\/\/i0.wp.com\/inmopower.com\/wp-content\/uploads\/2023\/09\/cropped-LOGO-NEGRO-2.jpg?fit=1065%2C355&ssl=1","contentUrl":"https:\/\/i0.wp.com\/inmopower.com\/wp-content\/uploads\/2023\/09\/cropped-LOGO-NEGRO-2.jpg?fit=1065%2C355&ssl=1","width":1065,"height":355,"caption":"inmopower"},"image":{"@id":"https:\/\/inmopower.com\/#\/schema\/logo\/image\/"},"sameAs":["https:\/\/es.linkedin.com\/company\/inmo-power"]}]}},"jetpack_sharing_enabled":true,"_links":{"self":[{"href":"https:\/\/inmopower.com\/index.php\/wp-json\/wp\/v2\/product\/1397","targetHints":{"allow":["GET"]}}],"collection":[{"href":"https:\/\/inmopower.com\/index.php\/wp-json\/wp\/v2\/product"}],"about":[{"href":"https:\/\/inmopower.com\/index.php\/wp-json\/wp\/v2\/types\/product"}],"wp:featuredmedia":[{"embeddable":true,"href":"https:\/\/inmopower.com\/index.php\/wp-json\/wp\/v2\/media\/1398"}],"wp:attachment":[{"href":"https:\/\/inmopower.com\/index.php\/wp-json\/wp\/v2\/media?parent=1397"}],"wp:term":[{"taxonomy":"product_brand","embeddable":true,"href":"https:\/\/inmopower.com\/index.php\/wp-json\/wp\/v2\/product_brand?post=1397"},{"taxonomy":"product_cat","embeddable":true,"href":"https:\/\/inmopower.com\/index.php\/wp-json\/wp\/v2\/product_cat?post=1397"},{"taxonomy":"product_tag","embeddable":true,"href":"https:\/\/inmopower.com\/index.php\/wp-json\/wp\/v2\/product_tag?post=1397"}],"curies":[{"name":"wp","href":"https:\/\/api.w.org\/{rel}","templated":true}]}}