{"id":1396,"date":"2023-12-23T21:33:24","date_gmt":"2023-12-23T20:33:24","guid":{"rendered":"https:\/\/inmopower.com\/?post_type=product&#038;p=1396"},"modified":"2023-12-24T12:10:15","modified_gmt":"2023-12-24T11:10:15","slug":"cafeteria-en-rafelbunyol","status":"publish","type":"product","link":"https:\/\/inmopower.com\/index.php\/producto\/cafeteria-en-rafelbunyol\/","title":{"rendered":"Cafeter\u00eda en Rafelbunyol"},"content":{"rendered":"<p>Se traspasa cafeter\u00eda en el centro del pueblo de Rafelbunyol.<\/p>\n<p>Esta fabulosa cafeter\u00eda ha estado durante m\u00e1s de 17 a\u00f1os en funcionamiento. Se encuentra en el centro de Rafelbunyol y tiene acceso por dos calles principales. Est\u00e1 muy bien ubicada ya que queda cerca de todos los servicios y de todas las \u00e1reas sociales del pueblo. Su buena ubicaci\u00f3n le permite tener un alto n\u00famero de clientes recurrentes y una afluencia arrolladora cuando se celebra alg\u00fan tipo de festividad en el pueblo: verbenas, disfraces, comuniones, bous al carrer, etc.<\/p>\n<p>El buen hacer de su actual due\u00f1a ha permitido que el negocio siempre est\u00e9 lleno (independientemente de la \u00e9poca del a\u00f1o) ya que, en invierno, puedes disfrutar de un ambiente c\u00e1lido en su interior, con sus fabulosos caf\u00e9s, dulces y almuerzos y en verano queda reconvertido en horchater\u00eda con una buena terraza con capacidad para aproximadamente 50 personas.<\/p>\n<p>La zona interior del local se reform\u00f3 en 2020, dando un aspecto m\u00e1s moderno y m\u00e1s c\u00e1lido, con una nueva iluminaci\u00f3n regulable, nuevo mobiliario con barra y puertas nuevas y un nuevo sistema de aire acondicionado fr\u00edo\/calor. Tiene un aforo m\u00e1ximo legal de 40 personas y acceso desde dos calles.<\/p>\n<p>En la zona exterior tenemos una terraza con carpa de aproximadamente 30m2 con cubierta hasta la misma puerta del local, permitiendo que en caso de lluvia tanto los clientes como los camareros siempre est\u00e9n a cubierto. La carpa dispone tambi\u00e9n de un acople para montaje de barra para servir bebidas en las fiestas que se celebran en la localidad.<\/p>\n<p>En cuanto a instalaciones, tenemos una cocina totalmente nueva instalada en junio de 2020 valorada en 30.000\u20ac. La campana extractora es totalmente nueva, de bajo nivel sonoro y con capacidad extractora de sobra para que en el local no se note ning\u00fan olor proveniente de la cocina. Gran capacidad de almacenaje con almac\u00e9n y altillo.<\/p>\n<p>El traspaso incluye:<br \/>\n-Local<br \/>\n-Cliente<br \/>\n-Expertis de la propietaria<br \/>\n-Contratos con los proveedores (si se desea)<br \/>\n-Nueva cocina<br \/>\n-Nueva campana extractora<br \/>\n-Barras<br \/>\n-Mobiliario<br \/>\n-Terraza y carpa<br \/>\n-Licencia<br \/>\n-Utensilios de cocina<br \/>\n-Vajilla y cubiertos<br \/>\n-Stock de cierta mercanc\u00eda<br \/>\n-Toda la instalaci\u00f3n perteneciente al local (electricidad, humos, pci, alarma antirrobo, puertas autom\u00e1ticas, etc,)<br \/>\n-Caja registradora con TPV<\/p>\n<p>El precio del alquiler del bajo son 1.185\u20ac\/mes.<\/p>\n<p><iframe src=\"https:\/\/www.google.com\/maps\/embed?pb=!1m18!1m12!1m3!1d11129.774418411609!2d-0.34268574509323296!3d39.58890298152018!2m3!1f0!2f0!3f0!3m2!1i1024!2i768!4f13.1!3m3!1m2!1s0xd6040ddfd09ae15%3A0x1a046cd47c7b78ad!2sRafelbunyol%2C%20Valencia!5e1!3m2!1ses!2ses!4v1703363386651!5m2!1ses!2ses\" width=\"600\" height=\"450\" style=\"border:0;\" allowfullscreen=\"\" loading=\"lazy\" referrerpolicy=\"no-referrer-when-downgrade\"><\/iframe><\/p>\n","protected":false},"excerpt":{"rendered":"<p>VENTA Y ALQUILER<\/p>\n","protected":false},"featured_media":626,"template":"","meta":{"site-sidebar-layout":"default","site-content-layout":"","ast-site-content-layout":"default","site-content-style":"default","site-sidebar-style":"default","ast-global-header-display":"","ast-banner-title-visibility":"","ast-main-header-display":"","ast-hfb-above-header-display":"","ast-hfb-below-header-display":"","ast-hfb-mobile-header-display":"","site-post-title":"","ast-breadcrumbs-content":"","ast-featured-img":"","footer-sml-layout":"","theme-transparent-header-meta":"default","adv-header-id-meta":"","stick-header-meta":"","header-above-stick-meta":"","header-main-stick-meta":"","header-below-stick-meta":"","astra-migrate-meta-layouts":"set"},"product_brand":[],"product_cat":[77,80],"product_tag":[],"class_list":{"0":"post-1396","1":"product","2":"type-product","3":"status-publish","4":"has-post-thumbnail","6":"product_cat-ver-todos","7":"product_cat-inversion","8":"desktop-align-left","9":"tablet-align-left","10":"mobile-align-left","12":"first","13":"instock","14":"shipping-taxable","15":"purchasable","16":"product-type-simple"},"yoast_head":"<!-- This site is optimized with the Yoast SEO plugin v26.6 - https:\/\/yoast.com\/wordpress\/plugins\/seo\/ -->\n<title>Cafeter\u00eda en Rafelbunyol - INMOPOWER<\/title>\n<meta name=\"robots\" content=\"index, follow, max-snippet:-1, max-image-preview:large, max-video-preview:-1\" \/>\n<link rel=\"canonical\" href=\"https:\/\/inmopower.com\/index.php\/producto\/cafeteria-en-rafelbunyol\/\" \/>\n<meta property=\"og:locale\" content=\"es_ES\" \/>\n<meta property=\"og:type\" content=\"article\" \/>\n<meta property=\"og:title\" content=\"Cafeter\u00eda en Rafelbunyol - INMOPOWER\" \/>\n<meta property=\"og:description\" content=\"VENTA Y ALQUILER\" \/>\n<meta property=\"og:url\" content=\"https:\/\/inmopower.com\/index.php\/producto\/cafeteria-en-rafelbunyol\/\" \/>\n<meta property=\"article:modified_time\" content=\"2023-12-24T11:10:15+00:00\" \/>\n<meta property=\"og:image\" content=\"https:\/\/inmopower.com\/wp-content\/uploads\/2023\/10\/WhatsApp-Image-2023-10-07-at-12.15.06-1.jpeg\" \/>\n\t<meta property=\"og:image:width\" content=\"1600\" \/>\n\t<meta property=\"og:image:height\" content=\"1200\" \/>\n\t<meta property=\"og:image:type\" content=\"image\/jpeg\" \/>\n<meta name=\"twitter:card\" content=\"summary_large_image\" \/>\n<meta name=\"twitter:label1\" content=\"Tiempo de lectura\" \/>\n\t<meta name=\"twitter:data1\" content=\"1 minuto\" \/>\n<script type=\"application\/ld+json\" class=\"yoast-schema-graph\">{\"@context\":\"https:\/\/schema.org\",\"@graph\":[{\"@type\":\"WebPage\",\"@id\":\"https:\/\/inmopower.com\/index.php\/producto\/cafeteria-en-rafelbunyol\/\",\"url\":\"https:\/\/inmopower.com\/index.php\/producto\/cafeteria-en-rafelbunyol\/\",\"name\":\"Cafeter\u00eda en Rafelbunyol - INMOPOWER\",\"isPartOf\":{\"@id\":\"https:\/\/inmopower.com\/#website\"},\"primaryImageOfPage\":{\"@id\":\"https:\/\/inmopower.com\/index.php\/producto\/cafeteria-en-rafelbunyol\/#primaryimage\"},\"image\":{\"@id\":\"https:\/\/inmopower.com\/index.php\/producto\/cafeteria-en-rafelbunyol\/#primaryimage\"},\"thumbnailUrl\":\"https:\/\/i0.wp.com\/inmopower.com\/wp-content\/uploads\/2023\/10\/WhatsApp-Image-2023-10-07-at-12.15.06-1.jpeg?fit=1600%2C1200&ssl=1\",\"datePublished\":\"2023-12-23T20:33:24+00:00\",\"dateModified\":\"2023-12-24T11:10:15+00:00\",\"breadcrumb\":{\"@id\":\"https:\/\/inmopower.com\/index.php\/producto\/cafeteria-en-rafelbunyol\/#breadcrumb\"},\"inLanguage\":\"es\",\"potentialAction\":[{\"@type\":\"ReadAction\",\"target\":[\"https:\/\/inmopower.com\/index.php\/producto\/cafeteria-en-rafelbunyol\/\"]}]},{\"@type\":\"ImageObject\",\"inLanguage\":\"es\",\"@id\":\"https:\/\/inmopower.com\/index.php\/producto\/cafeteria-en-rafelbunyol\/#primaryimage\",\"url\":\"https:\/\/i0.wp.com\/inmopower.com\/wp-content\/uploads\/2023\/10\/WhatsApp-Image-2023-10-07-at-12.15.06-1.jpeg?fit=1600%2C1200&ssl=1\",\"contentUrl\":\"https:\/\/i0.wp.com\/inmopower.com\/wp-content\/uploads\/2023\/10\/WhatsApp-Image-2023-10-07-at-12.15.06-1.jpeg?fit=1600%2C1200&ssl=1\",\"width\":1600,\"height\":1200},{\"@type\":\"BreadcrumbList\",\"@id\":\"https:\/\/inmopower.com\/index.php\/producto\/cafeteria-en-rafelbunyol\/#breadcrumb\",\"itemListElement\":[{\"@type\":\"ListItem\",\"position\":1,\"name\":\"Portada\",\"item\":\"https:\/\/inmopower.com\/\"},{\"@type\":\"ListItem\",\"position\":2,\"name\":\"Propiedades\",\"item\":\"https:\/\/inmopower.com\/index.php\/tienda\/\"},{\"@type\":\"ListItem\",\"position\":3,\"name\":\"Cafeter\u00eda en Rafelbunyol\"}]},{\"@type\":\"WebSite\",\"@id\":\"https:\/\/inmopower.com\/#website\",\"url\":\"https:\/\/inmopower.com\/\",\"name\":\"inmopower.com\",\"description\":\"Inmobiliaria industrial\",\"publisher\":{\"@id\":\"https:\/\/inmopower.com\/#organization\"},\"potentialAction\":[{\"@type\":\"SearchAction\",\"target\":{\"@type\":\"EntryPoint\",\"urlTemplate\":\"https:\/\/inmopower.com\/?s={search_term_string}\"},\"query-input\":{\"@type\":\"PropertyValueSpecification\",\"valueRequired\":true,\"valueName\":\"search_term_string\"}}],\"inLanguage\":\"es\"},{\"@type\":\"Organization\",\"@id\":\"https:\/\/inmopower.com\/#organization\",\"name\":\"inmopower\",\"url\":\"https:\/\/inmopower.com\/\",\"logo\":{\"@type\":\"ImageObject\",\"inLanguage\":\"es\",\"@id\":\"https:\/\/inmopower.com\/#\/schema\/logo\/image\/\",\"url\":\"https:\/\/i0.wp.com\/inmopower.com\/wp-content\/uploads\/2023\/09\/cropped-LOGO-NEGRO-2.jpg?fit=1065%2C355&ssl=1\",\"contentUrl\":\"https:\/\/i0.wp.com\/inmopower.com\/wp-content\/uploads\/2023\/09\/cropped-LOGO-NEGRO-2.jpg?fit=1065%2C355&ssl=1\",\"width\":1065,\"height\":355,\"caption\":\"inmopower\"},\"image\":{\"@id\":\"https:\/\/inmopower.com\/#\/schema\/logo\/image\/\"},\"sameAs\":[\"https:\/\/es.linkedin.com\/company\/inmo-power\"]}]}<\/script>\n<!-- \/ Yoast SEO plugin. -->","yoast_head_json":{"title":"Cafeter\u00eda en Rafelbunyol - INMOPOWER","robots":{"index":"index","follow":"follow","max-snippet":"max-snippet:-1","max-image-preview":"max-image-preview:large","max-video-preview":"max-video-preview:-1"},"canonical":"https:\/\/inmopower.com\/index.php\/producto\/cafeteria-en-rafelbunyol\/","og_locale":"es_ES","og_type":"article","og_title":"Cafeter\u00eda en Rafelbunyol - INMOPOWER","og_description":"VENTA Y ALQUILER","og_url":"https:\/\/inmopower.com\/index.php\/producto\/cafeteria-en-rafelbunyol\/","article_modified_time":"2023-12-24T11:10:15+00:00","og_image":[{"width":1600,"height":1200,"url":"https:\/\/inmopower.com\/wp-content\/uploads\/2023\/10\/WhatsApp-Image-2023-10-07-at-12.15.06-1.jpeg","type":"image\/jpeg"}],"twitter_card":"summary_large_image","twitter_misc":{"Tiempo de lectura":"1 minuto"},"schema":{"@context":"https:\/\/schema.org","@graph":[{"@type":"WebPage","@id":"https:\/\/inmopower.com\/index.php\/producto\/cafeteria-en-rafelbunyol\/","url":"https:\/\/inmopower.com\/index.php\/producto\/cafeteria-en-rafelbunyol\/","name":"Cafeter\u00eda en Rafelbunyol - INMOPOWER","isPartOf":{"@id":"https:\/\/inmopower.com\/#website"},"primaryImageOfPage":{"@id":"https:\/\/inmopower.com\/index.php\/producto\/cafeteria-en-rafelbunyol\/#primaryimage"},"image":{"@id":"https:\/\/inmopower.com\/index.php\/producto\/cafeteria-en-rafelbunyol\/#primaryimage"},"thumbnailUrl":"https:\/\/i0.wp.com\/inmopower.com\/wp-content\/uploads\/2023\/10\/WhatsApp-Image-2023-10-07-at-12.15.06-1.jpeg?fit=1600%2C1200&ssl=1","datePublished":"2023-12-23T20:33:24+00:00","dateModified":"2023-12-24T11:10:15+00:00","breadcrumb":{"@id":"https:\/\/inmopower.com\/index.php\/producto\/cafeteria-en-rafelbunyol\/#breadcrumb"},"inLanguage":"es","potentialAction":[{"@type":"ReadAction","target":["https:\/\/inmopower.com\/index.php\/producto\/cafeteria-en-rafelbunyol\/"]}]},{"@type":"ImageObject","inLanguage":"es","@id":"https:\/\/inmopower.com\/index.php\/producto\/cafeteria-en-rafelbunyol\/#primaryimage","url":"https:\/\/i0.wp.com\/inmopower.com\/wp-content\/uploads\/2023\/10\/WhatsApp-Image-2023-10-07-at-12.15.06-1.jpeg?fit=1600%2C1200&ssl=1","contentUrl":"https:\/\/i0.wp.com\/inmopower.com\/wp-content\/uploads\/2023\/10\/WhatsApp-Image-2023-10-07-at-12.15.06-1.jpeg?fit=1600%2C1200&ssl=1","width":1600,"height":1200},{"@type":"BreadcrumbList","@id":"https:\/\/inmopower.com\/index.php\/producto\/cafeteria-en-rafelbunyol\/#breadcrumb","itemListElement":[{"@type":"ListItem","position":1,"name":"Portada","item":"https:\/\/inmopower.com\/"},{"@type":"ListItem","position":2,"name":"Propiedades","item":"https:\/\/inmopower.com\/index.php\/tienda\/"},{"@type":"ListItem","position":3,"name":"Cafeter\u00eda en Rafelbunyol"}]},{"@type":"WebSite","@id":"https:\/\/inmopower.com\/#website","url":"https:\/\/inmopower.com\/","name":"inmopower.com","description":"Inmobiliaria industrial","publisher":{"@id":"https:\/\/inmopower.com\/#organization"},"potentialAction":[{"@type":"SearchAction","target":{"@type":"EntryPoint","urlTemplate":"https:\/\/inmopower.com\/?s={search_term_string}"},"query-input":{"@type":"PropertyValueSpecification","valueRequired":true,"valueName":"search_term_string"}}],"inLanguage":"es"},{"@type":"Organization","@id":"https:\/\/inmopower.com\/#organization","name":"inmopower","url":"https:\/\/inmopower.com\/","logo":{"@type":"ImageObject","inLanguage":"es","@id":"https:\/\/inmopower.com\/#\/schema\/logo\/image\/","url":"https:\/\/i0.wp.com\/inmopower.com\/wp-content\/uploads\/2023\/09\/cropped-LOGO-NEGRO-2.jpg?fit=1065%2C355&ssl=1","contentUrl":"https:\/\/i0.wp.com\/inmopower.com\/wp-content\/uploads\/2023\/09\/cropped-LOGO-NEGRO-2.jpg?fit=1065%2C355&ssl=1","width":1065,"height":355,"caption":"inmopower"},"image":{"@id":"https:\/\/inmopower.com\/#\/schema\/logo\/image\/"},"sameAs":["https:\/\/es.linkedin.com\/company\/inmo-power"]}]}},"jetpack_sharing_enabled":true,"_links":{"self":[{"href":"https:\/\/inmopower.com\/index.php\/wp-json\/wp\/v2\/product\/1396","targetHints":{"allow":["GET"]}}],"collection":[{"href":"https:\/\/inmopower.com\/index.php\/wp-json\/wp\/v2\/product"}],"about":[{"href":"https:\/\/inmopower.com\/index.php\/wp-json\/wp\/v2\/types\/product"}],"wp:featuredmedia":[{"embeddable":true,"href":"https:\/\/inmopower.com\/index.php\/wp-json\/wp\/v2\/media\/626"}],"wp:attachment":[{"href":"https:\/\/inmopower.com\/index.php\/wp-json\/wp\/v2\/media?parent=1396"}],"wp:term":[{"taxonomy":"product_brand","embeddable":true,"href":"https:\/\/inmopower.com\/index.php\/wp-json\/wp\/v2\/product_brand?post=1396"},{"taxonomy":"product_cat","embeddable":true,"href":"https:\/\/inmopower.com\/index.php\/wp-json\/wp\/v2\/product_cat?post=1396"},{"taxonomy":"product_tag","embeddable":true,"href":"https:\/\/inmopower.com\/index.php\/wp-json\/wp\/v2\/product_tag?post=1396"}],"curies":[{"name":"wp","href":"https:\/\/api.w.org\/{rel}","templated":true}]}}