{"id":1371,"date":"2023-12-18T17:19:01","date_gmt":"2023-12-18T16:19:01","guid":{"rendered":"https:\/\/inmopower.com\/?post_type=product&#038;p=1371"},"modified":"2023-12-24T11:59:50","modified_gmt":"2023-12-24T10:59:50","slug":"piso-en-barrio-de-la-luz-xirivella","status":"publish","type":"product","link":"https:\/\/inmopower.com\/index.php\/producto\/piso-en-barrio-de-la-luz-xirivella\/","title":{"rendered":"Piso en Barrio de la Luz (Xirivella)"},"content":{"rendered":"<p>PISO EN BARRIO LA LLUM (VALENCIA)<br \/>\nHabitaciones : 3 Ba\u00f1os : 1 Tama\u00f1o de la propiedad : 76 m\u00b2<\/p>\n<p>Bonito piso disponible para entrar en alquiler a partir del 1 de diciembre.<br \/>\nUbicado en barrio de la Llum zona de Xirivella. (ALQUILADO)<\/p>\n<p>Ubicado en una tercera planta sin ascensor. Es muy luminoso, con entradas de luz a Sur. Dispone de 3 habitaciones (una de ellas compartidas con el sal\u00f3n) 1 sal\u00f3n comedor y un ba\u00f1o.<\/p>\n<p>Cerca del piso:<br \/>\n-Parada de bus de la EMT a menos de 2 minutos andando.<br \/>\n-Centro Comercial Gran Turia<br \/>\n-Avenida del Cid (Avenida de entrada y salida a la carretera de Madrid \u00abA3\u00bb<\/p>\n<p>Equipaci\u00f3n:<br \/>\nCocina Equipada, Lavadora, Calefacci\u00f3n, Aire Acondicionado, Televisi\u00f3n, Nevera<\/p>\n<p><iframe src=\"https:\/\/www.google.com\/maps\/embed?pb=!1m18!1m12!1m3!1d22300.513514014852!2d-0.4505986315867328!3d39.45936988297634!2m3!1f0!2f0!3f0!3m2!1i1024!2i768!4f13.1!3m3!1m2!1s0xd604fb8c9e9146d%3A0x402af6ed72385f0!2sMunicipio%20de%20Xirivella%2C%20Valencia!5e1!3m2!1ses!2ses!4v1702916237429!5m2!1ses!2ses\" width=\"600\" height=\"450\" style=\"border:0;\" allowfullscreen=\"\" loading=\"lazy\" referrerpolicy=\"no-referrer-when-downgrade\"><\/iframe><\/p>\n","protected":false},"excerpt":{"rendered":"<p>ALQUILER<\/p>\n","protected":false},"featured_media":1375,"template":"","meta":{"site-sidebar-layout":"default","site-content-layout":"","ast-site-content-layout":"default","site-content-style":"default","site-sidebar-style":"default","ast-global-header-display":"","ast-banner-title-visibility":"","ast-main-header-display":"","ast-hfb-above-header-display":"","ast-hfb-below-header-display":"","ast-hfb-mobile-header-display":"","site-post-title":"","ast-breadcrumbs-content":"","ast-featured-img":"","footer-sml-layout":"","theme-transparent-header-meta":"default","adv-header-id-meta":"","stick-header-meta":"","header-above-stick-meta":"","header-main-stick-meta":"","header-below-stick-meta":"","astra-migrate-meta-layouts":"set"},"product_brand":[],"product_cat":[77,97],"product_tag":[],"class_list":{"0":"post-1371","1":"product","2":"type-product","3":"status-publish","4":"has-post-thumbnail","6":"product_cat-ver-todos","7":"product_cat-viviendas","8":"desktop-align-left","9":"tablet-align-left","10":"mobile-align-left","12":"first","13":"outofstock","14":"shipping-taxable","15":"purchasable","16":"product-type-simple"},"yoast_head":"<!-- This site is optimized with the Yoast SEO plugin v26.6 - https:\/\/yoast.com\/wordpress\/plugins\/seo\/ -->\n<title>Piso en Barrio de la Luz (Xirivella) - INMOPOWER<\/title>\n<meta name=\"robots\" content=\"index, follow, max-snippet:-1, max-image-preview:large, max-video-preview:-1\" \/>\n<link rel=\"canonical\" href=\"https:\/\/inmopower.com\/index.php\/producto\/piso-en-barrio-de-la-luz-xirivella\/\" \/>\n<meta property=\"og:locale\" content=\"es_ES\" \/>\n<meta property=\"og:type\" content=\"article\" \/>\n<meta property=\"og:title\" content=\"Piso en Barrio de la Luz (Xirivella) - INMOPOWER\" \/>\n<meta property=\"og:description\" content=\"ALQUILER\" \/>\n<meta property=\"og:url\" content=\"https:\/\/inmopower.com\/index.php\/producto\/piso-en-barrio-de-la-luz-xirivella\/\" \/>\n<meta property=\"article:modified_time\" content=\"2023-12-24T10:59:50+00:00\" \/>\n<meta property=\"og:image\" content=\"https:\/\/inmopower.com\/wp-content\/uploads\/2023\/12\/WhatsApp-Image-2023-12-18-at-21.24.27.jpeg\" \/>\n\t<meta property=\"og:image:width\" content=\"1600\" \/>\n\t<meta property=\"og:image:height\" content=\"1200\" \/>\n\t<meta property=\"og:image:type\" content=\"image\/jpeg\" \/>\n<meta name=\"twitter:card\" content=\"summary_large_image\" \/>\n<meta name=\"twitter:label1\" content=\"Tiempo de lectura\" \/>\n\t<meta name=\"twitter:data1\" content=\"1 minuto\" \/>\n<script type=\"application\/ld+json\" class=\"yoast-schema-graph\">{\"@context\":\"https:\/\/schema.org\",\"@graph\":[{\"@type\":\"WebPage\",\"@id\":\"https:\/\/inmopower.com\/index.php\/producto\/piso-en-barrio-de-la-luz-xirivella\/\",\"url\":\"https:\/\/inmopower.com\/index.php\/producto\/piso-en-barrio-de-la-luz-xirivella\/\",\"name\":\"Piso en Barrio de la Luz (Xirivella) - INMOPOWER\",\"isPartOf\":{\"@id\":\"https:\/\/inmopower.com\/#website\"},\"primaryImageOfPage\":{\"@id\":\"https:\/\/inmopower.com\/index.php\/producto\/piso-en-barrio-de-la-luz-xirivella\/#primaryimage\"},\"image\":{\"@id\":\"https:\/\/inmopower.com\/index.php\/producto\/piso-en-barrio-de-la-luz-xirivella\/#primaryimage\"},\"thumbnailUrl\":\"https:\/\/i0.wp.com\/inmopower.com\/wp-content\/uploads\/2023\/12\/WhatsApp-Image-2023-12-18-at-21.24.27.jpeg?fit=1600%2C1200&ssl=1\",\"datePublished\":\"2023-12-18T16:19:01+00:00\",\"dateModified\":\"2023-12-24T10:59:50+00:00\",\"breadcrumb\":{\"@id\":\"https:\/\/inmopower.com\/index.php\/producto\/piso-en-barrio-de-la-luz-xirivella\/#breadcrumb\"},\"inLanguage\":\"es\",\"potentialAction\":[{\"@type\":\"ReadAction\",\"target\":[\"https:\/\/inmopower.com\/index.php\/producto\/piso-en-barrio-de-la-luz-xirivella\/\"]}]},{\"@type\":\"ImageObject\",\"inLanguage\":\"es\",\"@id\":\"https:\/\/inmopower.com\/index.php\/producto\/piso-en-barrio-de-la-luz-xirivella\/#primaryimage\",\"url\":\"https:\/\/i0.wp.com\/inmopower.com\/wp-content\/uploads\/2023\/12\/WhatsApp-Image-2023-12-18-at-21.24.27.jpeg?fit=1600%2C1200&ssl=1\",\"contentUrl\":\"https:\/\/i0.wp.com\/inmopower.com\/wp-content\/uploads\/2023\/12\/WhatsApp-Image-2023-12-18-at-21.24.27.jpeg?fit=1600%2C1200&ssl=1\",\"width\":1600,\"height\":1200},{\"@type\":\"BreadcrumbList\",\"@id\":\"https:\/\/inmopower.com\/index.php\/producto\/piso-en-barrio-de-la-luz-xirivella\/#breadcrumb\",\"itemListElement\":[{\"@type\":\"ListItem\",\"position\":1,\"name\":\"Portada\",\"item\":\"https:\/\/inmopower.com\/\"},{\"@type\":\"ListItem\",\"position\":2,\"name\":\"Propiedades\",\"item\":\"https:\/\/inmopower.com\/index.php\/tienda\/\"},{\"@type\":\"ListItem\",\"position\":3,\"name\":\"Piso en Barrio de la Luz (Xirivella)\"}]},{\"@type\":\"WebSite\",\"@id\":\"https:\/\/inmopower.com\/#website\",\"url\":\"https:\/\/inmopower.com\/\",\"name\":\"inmopower.com\",\"description\":\"Inmobiliaria industrial\",\"publisher\":{\"@id\":\"https:\/\/inmopower.com\/#organization\"},\"potentialAction\":[{\"@type\":\"SearchAction\",\"target\":{\"@type\":\"EntryPoint\",\"urlTemplate\":\"https:\/\/inmopower.com\/?s={search_term_string}\"},\"query-input\":{\"@type\":\"PropertyValueSpecification\",\"valueRequired\":true,\"valueName\":\"search_term_string\"}}],\"inLanguage\":\"es\"},{\"@type\":\"Organization\",\"@id\":\"https:\/\/inmopower.com\/#organization\",\"name\":\"inmopower\",\"url\":\"https:\/\/inmopower.com\/\",\"logo\":{\"@type\":\"ImageObject\",\"inLanguage\":\"es\",\"@id\":\"https:\/\/inmopower.com\/#\/schema\/logo\/image\/\",\"url\":\"https:\/\/i0.wp.com\/inmopower.com\/wp-content\/uploads\/2023\/09\/cropped-LOGO-NEGRO-2.jpg?fit=1065%2C355&ssl=1\",\"contentUrl\":\"https:\/\/i0.wp.com\/inmopower.com\/wp-content\/uploads\/2023\/09\/cropped-LOGO-NEGRO-2.jpg?fit=1065%2C355&ssl=1\",\"width\":1065,\"height\":355,\"caption\":\"inmopower\"},\"image\":{\"@id\":\"https:\/\/inmopower.com\/#\/schema\/logo\/image\/\"},\"sameAs\":[\"https:\/\/es.linkedin.com\/company\/inmo-power\"]}]}<\/script>\n<!-- \/ Yoast SEO plugin. -->","yoast_head_json":{"title":"Piso en Barrio de la Luz (Xirivella) - INMOPOWER","robots":{"index":"index","follow":"follow","max-snippet":"max-snippet:-1","max-image-preview":"max-image-preview:large","max-video-preview":"max-video-preview:-1"},"canonical":"https:\/\/inmopower.com\/index.php\/producto\/piso-en-barrio-de-la-luz-xirivella\/","og_locale":"es_ES","og_type":"article","og_title":"Piso en Barrio de la Luz (Xirivella) - INMOPOWER","og_description":"ALQUILER","og_url":"https:\/\/inmopower.com\/index.php\/producto\/piso-en-barrio-de-la-luz-xirivella\/","article_modified_time":"2023-12-24T10:59:50+00:00","og_image":[{"width":1600,"height":1200,"url":"https:\/\/inmopower.com\/wp-content\/uploads\/2023\/12\/WhatsApp-Image-2023-12-18-at-21.24.27.jpeg","type":"image\/jpeg"}],"twitter_card":"summary_large_image","twitter_misc":{"Tiempo de lectura":"1 minuto"},"schema":{"@context":"https:\/\/schema.org","@graph":[{"@type":"WebPage","@id":"https:\/\/inmopower.com\/index.php\/producto\/piso-en-barrio-de-la-luz-xirivella\/","url":"https:\/\/inmopower.com\/index.php\/producto\/piso-en-barrio-de-la-luz-xirivella\/","name":"Piso en Barrio de la Luz (Xirivella) - INMOPOWER","isPartOf":{"@id":"https:\/\/inmopower.com\/#website"},"primaryImageOfPage":{"@id":"https:\/\/inmopower.com\/index.php\/producto\/piso-en-barrio-de-la-luz-xirivella\/#primaryimage"},"image":{"@id":"https:\/\/inmopower.com\/index.php\/producto\/piso-en-barrio-de-la-luz-xirivella\/#primaryimage"},"thumbnailUrl":"https:\/\/i0.wp.com\/inmopower.com\/wp-content\/uploads\/2023\/12\/WhatsApp-Image-2023-12-18-at-21.24.27.jpeg?fit=1600%2C1200&ssl=1","datePublished":"2023-12-18T16:19:01+00:00","dateModified":"2023-12-24T10:59:50+00:00","breadcrumb":{"@id":"https:\/\/inmopower.com\/index.php\/producto\/piso-en-barrio-de-la-luz-xirivella\/#breadcrumb"},"inLanguage":"es","potentialAction":[{"@type":"ReadAction","target":["https:\/\/inmopower.com\/index.php\/producto\/piso-en-barrio-de-la-luz-xirivella\/"]}]},{"@type":"ImageObject","inLanguage":"es","@id":"https:\/\/inmopower.com\/index.php\/producto\/piso-en-barrio-de-la-luz-xirivella\/#primaryimage","url":"https:\/\/i0.wp.com\/inmopower.com\/wp-content\/uploads\/2023\/12\/WhatsApp-Image-2023-12-18-at-21.24.27.jpeg?fit=1600%2C1200&ssl=1","contentUrl":"https:\/\/i0.wp.com\/inmopower.com\/wp-content\/uploads\/2023\/12\/WhatsApp-Image-2023-12-18-at-21.24.27.jpeg?fit=1600%2C1200&ssl=1","width":1600,"height":1200},{"@type":"BreadcrumbList","@id":"https:\/\/inmopower.com\/index.php\/producto\/piso-en-barrio-de-la-luz-xirivella\/#breadcrumb","itemListElement":[{"@type":"ListItem","position":1,"name":"Portada","item":"https:\/\/inmopower.com\/"},{"@type":"ListItem","position":2,"name":"Propiedades","item":"https:\/\/inmopower.com\/index.php\/tienda\/"},{"@type":"ListItem","position":3,"name":"Piso en Barrio de la Luz (Xirivella)"}]},{"@type":"WebSite","@id":"https:\/\/inmopower.com\/#website","url":"https:\/\/inmopower.com\/","name":"inmopower.com","description":"Inmobiliaria industrial","publisher":{"@id":"https:\/\/inmopower.com\/#organization"},"potentialAction":[{"@type":"SearchAction","target":{"@type":"EntryPoint","urlTemplate":"https:\/\/inmopower.com\/?s={search_term_string}"},"query-input":{"@type":"PropertyValueSpecification","valueRequired":true,"valueName":"search_term_string"}}],"inLanguage":"es"},{"@type":"Organization","@id":"https:\/\/inmopower.com\/#organization","name":"inmopower","url":"https:\/\/inmopower.com\/","logo":{"@type":"ImageObject","inLanguage":"es","@id":"https:\/\/inmopower.com\/#\/schema\/logo\/image\/","url":"https:\/\/i0.wp.com\/inmopower.com\/wp-content\/uploads\/2023\/09\/cropped-LOGO-NEGRO-2.jpg?fit=1065%2C355&ssl=1","contentUrl":"https:\/\/i0.wp.com\/inmopower.com\/wp-content\/uploads\/2023\/09\/cropped-LOGO-NEGRO-2.jpg?fit=1065%2C355&ssl=1","width":1065,"height":355,"caption":"inmopower"},"image":{"@id":"https:\/\/inmopower.com\/#\/schema\/logo\/image\/"},"sameAs":["https:\/\/es.linkedin.com\/company\/inmo-power"]}]}},"jetpack_sharing_enabled":true,"_links":{"self":[{"href":"https:\/\/inmopower.com\/index.php\/wp-json\/wp\/v2\/product\/1371","targetHints":{"allow":["GET"]}}],"collection":[{"href":"https:\/\/inmopower.com\/index.php\/wp-json\/wp\/v2\/product"}],"about":[{"href":"https:\/\/inmopower.com\/index.php\/wp-json\/wp\/v2\/types\/product"}],"wp:featuredmedia":[{"embeddable":true,"href":"https:\/\/inmopower.com\/index.php\/wp-json\/wp\/v2\/media\/1375"}],"wp:attachment":[{"href":"https:\/\/inmopower.com\/index.php\/wp-json\/wp\/v2\/media?parent=1371"}],"wp:term":[{"taxonomy":"product_brand","embeddable":true,"href":"https:\/\/inmopower.com\/index.php\/wp-json\/wp\/v2\/product_brand?post=1371"},{"taxonomy":"product_cat","embeddable":true,"href":"https:\/\/inmopower.com\/index.php\/wp-json\/wp\/v2\/product_cat?post=1371"},{"taxonomy":"product_tag","embeddable":true,"href":"https:\/\/inmopower.com\/index.php\/wp-json\/wp\/v2\/product_tag?post=1371"}],"curies":[{"name":"wp","href":"https:\/\/api.w.org\/{rel}","templated":true}]}}