{"id":1357,"date":"2023-12-10T11:22:31","date_gmt":"2023-12-10T10:22:31","guid":{"rendered":"https:\/\/inmopower.com\/?post_type=product&#038;p=1357"},"modified":"2023-12-24T11:58:07","modified_gmt":"2023-12-24T10:58:07","slug":"nave-en-riba-roja-de-turia","status":"publish","type":"product","link":"https:\/\/inmopower.com\/index.php\/producto\/nave-en-riba-roja-de-turia\/","title":{"rendered":"Nave en Riba-Roja de T\u00faria"},"content":{"rendered":"<p>Nave industrial en el principal Pol\u00edgono Log\u00edstico de Valencia<br \/>\n(La nave se entregar\u00e1 totalmente vac\u00eda y limpia)<\/p>\n<p>Superficie parcela: 4.854m2<br \/>\nSuperficie construida: 3.816m2<br \/>\nA\u00f1o de construcci\u00f3n: 2012<br \/>\nAlmac\u00e9n en Planta Baja: 2.958m2<br \/>\nAltillo 1: 528m2<br \/>\nAltillo 2: 330m2<br \/>\nAltura: 12-14m<br \/>\nFachada: 36m de ancho y 86m de largo<\/p>\n<p>Estructura met\u00e1lica ignifugada<br \/>\nFachada de hormig\u00f3n hasta altura de cubierta<br \/>\nCubierta de panel sandwich con lucernarios<br \/>\nSuelo de hormig\u00f3n<br \/>\n4 muelles de carga y 2 puertas para camiones<br \/>\nInstalaci\u00f3n de contraincendios completa con dep\u00f3sito de agua, grupo de presi\u00f3n BIEs y extintores<br \/>\ncompartimentaci\u00f3n con 2 sectores de incendios<br \/>\nGran espacio de oficinas con 5 despachos, recepci\u00f3n, 2 salas de reuniones, ba\u00f1os, etc<br \/>\nZona de vestuarios y comedor para empreados<\/p>\n<p>La nave da tanto a la Calle Puerto del Perello, 3 como a la Avenido del Puerto de Sagunto, 8.<\/p>\n<p>EL POL\u00cdGONO<\/p>\n<p>Est\u00e1 situado cerca de la autopista A-3 y la A-7. Por lo que cuenta con una excelente conexi\u00f3n con el aeropuerto<br \/>\nde Valencia y el puerto de Valencia, uno de los puertos m\u00e1s importantes del Mediterr\u00e1neo. Adem\u00e1s La A-3 es<br \/>\nuna de las principales v\u00edas de comunicaci\u00f3n entre Valencia y Madrid y conecta ambas ciudades en aproximadamente 3 horas y media de viaje.<\/p>\n<p>Por otro lado, la A-7 conecta el Parque Log\u00edstico de Valencia (PLV) con ciudades como Alicante, Castell\u00f3n, Tarragona, Barcelona y Murcia. Estas conexi\u00f3n de la A-7 es una de las ventajas estrat\u00e9gicas del Parque Log\u00edstico de Valencia. Y es por ello por lo que el PLV es el lugar escogido por las empresas mas importantes de distribuci\u00f3n y log\u00edstica.<\/p>\n<h2 class=\"wp-block-heading\">Caracter\u00edsticas b\u00e1sicas<\/h2>\n<ul>\n<li>4.600 m\u00b2 construidos, 3.800 m\u00b2 \u00fatiles<\/li>\n<li>Segunda mano\/buen estado<\/li>\n<li>Distribuci\u00f3n di\u00e1fana<\/li>\n<li>Construido en 2012<\/li>\n<\/ul>\n<p><iframe src=\"https:\/\/www.google.com\/maps\/embed?pb=!1m13!1m8!1m3!1d45355.192880124!2d-0.581738!3d39.485646!3m2!1i1024!2i768!4f13.1!3m2!1m1!2zMznCsDI5JzE5LjUiTiAwwrAzMicwMy4zIlc!5e1!3m2!1ses!2ses!4v1702203533694!5m2!1ses!2ses\" width=\"600\" height=\"450\" style=\"border:0;\" allowfullscreen=\"\" loading=\"lazy\" referrerpolicy=\"no-referrer-when-downgrade\"><\/iframe>&nbsp;<\/p>\n","protected":false},"excerpt":{"rendered":"<p>Venta<\/p>\n","protected":false},"featured_media":379,"template":"","meta":{"site-sidebar-layout":"default","site-content-layout":"","ast-site-content-layout":"default","site-content-style":"default","site-sidebar-style":"default","ast-global-header-display":"","ast-banner-title-visibility":"","ast-main-header-display":"","ast-hfb-above-header-display":"","ast-hfb-below-header-display":"","ast-hfb-mobile-header-display":"","site-post-title":"","ast-breadcrumbs-content":"","ast-featured-img":"","footer-sml-layout":"","theme-transparent-header-meta":"default","adv-header-id-meta":"","stick-header-meta":"","header-above-stick-meta":"","header-main-stick-meta":"","header-below-stick-meta":"","astra-migrate-meta-layouts":"set"},"product_brand":[],"product_cat":[77,79],"product_tag":[],"class_list":{"0":"post-1357","1":"product","2":"type-product","3":"status-publish","4":"has-post-thumbnail","6":"product_cat-ver-todos","7":"product_cat-industrial-y-logistico","8":"desktop-align-left","9":"tablet-align-left","10":"mobile-align-left","12":"first","13":"instock","14":"shipping-taxable","15":"purchasable","16":"product-type-simple"},"yoast_head":"<!-- This site is optimized with the Yoast SEO plugin v26.6 - https:\/\/yoast.com\/wordpress\/plugins\/seo\/ -->\n<title>Nave en Riba-Roja de T\u00faria - INMOPOWER<\/title>\n<meta name=\"robots\" content=\"index, follow, max-snippet:-1, max-image-preview:large, max-video-preview:-1\" \/>\n<link rel=\"canonical\" href=\"https:\/\/inmopower.com\/index.php\/producto\/nave-en-riba-roja-de-turia\/\" \/>\n<meta property=\"og:locale\" content=\"es_ES\" \/>\n<meta property=\"og:type\" content=\"article\" \/>\n<meta property=\"og:title\" content=\"Nave en Riba-Roja de T\u00faria - INMOPOWER\" \/>\n<meta property=\"og:description\" content=\"Venta\" \/>\n<meta property=\"og:url\" content=\"https:\/\/inmopower.com\/index.php\/producto\/nave-en-riba-roja-de-turia\/\" \/>\n<meta property=\"article:modified_time\" content=\"2023-12-24T10:58:07+00:00\" \/>\n<meta property=\"og:image\" content=\"https:\/\/inmopower.com\/wp-content\/uploads\/2023\/09\/Captura-de-pantalla-2023-06-02-113025-1.jpg\" \/>\n\t<meta property=\"og:image:width\" content=\"682\" \/>\n\t<meta property=\"og:image:height\" content=\"735\" \/>\n\t<meta property=\"og:image:type\" content=\"image\/jpeg\" \/>\n<meta name=\"twitter:card\" content=\"summary_large_image\" \/>\n<meta name=\"twitter:label1\" content=\"Tiempo de lectura\" \/>\n\t<meta name=\"twitter:data1\" content=\"2 minutos\" \/>\n<script type=\"application\/ld+json\" class=\"yoast-schema-graph\">{\"@context\":\"https:\/\/schema.org\",\"@graph\":[{\"@type\":\"WebPage\",\"@id\":\"https:\/\/inmopower.com\/index.php\/producto\/nave-en-riba-roja-de-turia\/\",\"url\":\"https:\/\/inmopower.com\/index.php\/producto\/nave-en-riba-roja-de-turia\/\",\"name\":\"Nave en Riba-Roja de T\u00faria - INMOPOWER\",\"isPartOf\":{\"@id\":\"https:\/\/inmopower.com\/#website\"},\"primaryImageOfPage\":{\"@id\":\"https:\/\/inmopower.com\/index.php\/producto\/nave-en-riba-roja-de-turia\/#primaryimage\"},\"image\":{\"@id\":\"https:\/\/inmopower.com\/index.php\/producto\/nave-en-riba-roja-de-turia\/#primaryimage\"},\"thumbnailUrl\":\"https:\/\/i0.wp.com\/inmopower.com\/wp-content\/uploads\/2023\/09\/Captura-de-pantalla-2023-06-02-113025-1.jpg?fit=682%2C735&ssl=1\",\"datePublished\":\"2023-12-10T10:22:31+00:00\",\"dateModified\":\"2023-12-24T10:58:07+00:00\",\"breadcrumb\":{\"@id\":\"https:\/\/inmopower.com\/index.php\/producto\/nave-en-riba-roja-de-turia\/#breadcrumb\"},\"inLanguage\":\"es\",\"potentialAction\":[{\"@type\":\"ReadAction\",\"target\":[\"https:\/\/inmopower.com\/index.php\/producto\/nave-en-riba-roja-de-turia\/\"]}]},{\"@type\":\"ImageObject\",\"inLanguage\":\"es\",\"@id\":\"https:\/\/inmopower.com\/index.php\/producto\/nave-en-riba-roja-de-turia\/#primaryimage\",\"url\":\"https:\/\/i0.wp.com\/inmopower.com\/wp-content\/uploads\/2023\/09\/Captura-de-pantalla-2023-06-02-113025-1.jpg?fit=682%2C735&ssl=1\",\"contentUrl\":\"https:\/\/i0.wp.com\/inmopower.com\/wp-content\/uploads\/2023\/09\/Captura-de-pantalla-2023-06-02-113025-1.jpg?fit=682%2C735&ssl=1\",\"width\":682,\"height\":735},{\"@type\":\"BreadcrumbList\",\"@id\":\"https:\/\/inmopower.com\/index.php\/producto\/nave-en-riba-roja-de-turia\/#breadcrumb\",\"itemListElement\":[{\"@type\":\"ListItem\",\"position\":1,\"name\":\"Portada\",\"item\":\"https:\/\/inmopower.com\/\"},{\"@type\":\"ListItem\",\"position\":2,\"name\":\"Propiedades\",\"item\":\"https:\/\/inmopower.com\/index.php\/tienda\/\"},{\"@type\":\"ListItem\",\"position\":3,\"name\":\"Nave en Riba-Roja de T\u00faria\"}]},{\"@type\":\"WebSite\",\"@id\":\"https:\/\/inmopower.com\/#website\",\"url\":\"https:\/\/inmopower.com\/\",\"name\":\"inmopower.com\",\"description\":\"Inmobiliaria industrial\",\"publisher\":{\"@id\":\"https:\/\/inmopower.com\/#organization\"},\"potentialAction\":[{\"@type\":\"SearchAction\",\"target\":{\"@type\":\"EntryPoint\",\"urlTemplate\":\"https:\/\/inmopower.com\/?s={search_term_string}\"},\"query-input\":{\"@type\":\"PropertyValueSpecification\",\"valueRequired\":true,\"valueName\":\"search_term_string\"}}],\"inLanguage\":\"es\"},{\"@type\":\"Organization\",\"@id\":\"https:\/\/inmopower.com\/#organization\",\"name\":\"inmopower\",\"url\":\"https:\/\/inmopower.com\/\",\"logo\":{\"@type\":\"ImageObject\",\"inLanguage\":\"es\",\"@id\":\"https:\/\/inmopower.com\/#\/schema\/logo\/image\/\",\"url\":\"https:\/\/i0.wp.com\/inmopower.com\/wp-content\/uploads\/2023\/09\/cropped-LOGO-NEGRO-2.jpg?fit=1065%2C355&ssl=1\",\"contentUrl\":\"https:\/\/i0.wp.com\/inmopower.com\/wp-content\/uploads\/2023\/09\/cropped-LOGO-NEGRO-2.jpg?fit=1065%2C355&ssl=1\",\"width\":1065,\"height\":355,\"caption\":\"inmopower\"},\"image\":{\"@id\":\"https:\/\/inmopower.com\/#\/schema\/logo\/image\/\"},\"sameAs\":[\"https:\/\/es.linkedin.com\/company\/inmo-power\"]}]}<\/script>\n<!-- \/ Yoast SEO plugin. -->","yoast_head_json":{"title":"Nave en Riba-Roja de T\u00faria - INMOPOWER","robots":{"index":"index","follow":"follow","max-snippet":"max-snippet:-1","max-image-preview":"max-image-preview:large","max-video-preview":"max-video-preview:-1"},"canonical":"https:\/\/inmopower.com\/index.php\/producto\/nave-en-riba-roja-de-turia\/","og_locale":"es_ES","og_type":"article","og_title":"Nave en Riba-Roja de T\u00faria - INMOPOWER","og_description":"Venta","og_url":"https:\/\/inmopower.com\/index.php\/producto\/nave-en-riba-roja-de-turia\/","article_modified_time":"2023-12-24T10:58:07+00:00","og_image":[{"width":682,"height":735,"url":"https:\/\/inmopower.com\/wp-content\/uploads\/2023\/09\/Captura-de-pantalla-2023-06-02-113025-1.jpg","type":"image\/jpeg"}],"twitter_card":"summary_large_image","twitter_misc":{"Tiempo de lectura":"2 minutos"},"schema":{"@context":"https:\/\/schema.org","@graph":[{"@type":"WebPage","@id":"https:\/\/inmopower.com\/index.php\/producto\/nave-en-riba-roja-de-turia\/","url":"https:\/\/inmopower.com\/index.php\/producto\/nave-en-riba-roja-de-turia\/","name":"Nave en Riba-Roja de T\u00faria - INMOPOWER","isPartOf":{"@id":"https:\/\/inmopower.com\/#website"},"primaryImageOfPage":{"@id":"https:\/\/inmopower.com\/index.php\/producto\/nave-en-riba-roja-de-turia\/#primaryimage"},"image":{"@id":"https:\/\/inmopower.com\/index.php\/producto\/nave-en-riba-roja-de-turia\/#primaryimage"},"thumbnailUrl":"https:\/\/i0.wp.com\/inmopower.com\/wp-content\/uploads\/2023\/09\/Captura-de-pantalla-2023-06-02-113025-1.jpg?fit=682%2C735&ssl=1","datePublished":"2023-12-10T10:22:31+00:00","dateModified":"2023-12-24T10:58:07+00:00","breadcrumb":{"@id":"https:\/\/inmopower.com\/index.php\/producto\/nave-en-riba-roja-de-turia\/#breadcrumb"},"inLanguage":"es","potentialAction":[{"@type":"ReadAction","target":["https:\/\/inmopower.com\/index.php\/producto\/nave-en-riba-roja-de-turia\/"]}]},{"@type":"ImageObject","inLanguage":"es","@id":"https:\/\/inmopower.com\/index.php\/producto\/nave-en-riba-roja-de-turia\/#primaryimage","url":"https:\/\/i0.wp.com\/inmopower.com\/wp-content\/uploads\/2023\/09\/Captura-de-pantalla-2023-06-02-113025-1.jpg?fit=682%2C735&ssl=1","contentUrl":"https:\/\/i0.wp.com\/inmopower.com\/wp-content\/uploads\/2023\/09\/Captura-de-pantalla-2023-06-02-113025-1.jpg?fit=682%2C735&ssl=1","width":682,"height":735},{"@type":"BreadcrumbList","@id":"https:\/\/inmopower.com\/index.php\/producto\/nave-en-riba-roja-de-turia\/#breadcrumb","itemListElement":[{"@type":"ListItem","position":1,"name":"Portada","item":"https:\/\/inmopower.com\/"},{"@type":"ListItem","position":2,"name":"Propiedades","item":"https:\/\/inmopower.com\/index.php\/tienda\/"},{"@type":"ListItem","position":3,"name":"Nave en Riba-Roja de T\u00faria"}]},{"@type":"WebSite","@id":"https:\/\/inmopower.com\/#website","url":"https:\/\/inmopower.com\/","name":"inmopower.com","description":"Inmobiliaria industrial","publisher":{"@id":"https:\/\/inmopower.com\/#organization"},"potentialAction":[{"@type":"SearchAction","target":{"@type":"EntryPoint","urlTemplate":"https:\/\/inmopower.com\/?s={search_term_string}"},"query-input":{"@type":"PropertyValueSpecification","valueRequired":true,"valueName":"search_term_string"}}],"inLanguage":"es"},{"@type":"Organization","@id":"https:\/\/inmopower.com\/#organization","name":"inmopower","url":"https:\/\/inmopower.com\/","logo":{"@type":"ImageObject","inLanguage":"es","@id":"https:\/\/inmopower.com\/#\/schema\/logo\/image\/","url":"https:\/\/i0.wp.com\/inmopower.com\/wp-content\/uploads\/2023\/09\/cropped-LOGO-NEGRO-2.jpg?fit=1065%2C355&ssl=1","contentUrl":"https:\/\/i0.wp.com\/inmopower.com\/wp-content\/uploads\/2023\/09\/cropped-LOGO-NEGRO-2.jpg?fit=1065%2C355&ssl=1","width":1065,"height":355,"caption":"inmopower"},"image":{"@id":"https:\/\/inmopower.com\/#\/schema\/logo\/image\/"},"sameAs":["https:\/\/es.linkedin.com\/company\/inmo-power"]}]}},"jetpack_sharing_enabled":true,"_links":{"self":[{"href":"https:\/\/inmopower.com\/index.php\/wp-json\/wp\/v2\/product\/1357","targetHints":{"allow":["GET"]}}],"collection":[{"href":"https:\/\/inmopower.com\/index.php\/wp-json\/wp\/v2\/product"}],"about":[{"href":"https:\/\/inmopower.com\/index.php\/wp-json\/wp\/v2\/types\/product"}],"wp:featuredmedia":[{"embeddable":true,"href":"https:\/\/inmopower.com\/index.php\/wp-json\/wp\/v2\/media\/379"}],"wp:attachment":[{"href":"https:\/\/inmopower.com\/index.php\/wp-json\/wp\/v2\/media?parent=1357"}],"wp:term":[{"taxonomy":"product_brand","embeddable":true,"href":"https:\/\/inmopower.com\/index.php\/wp-json\/wp\/v2\/product_brand?post=1357"},{"taxonomy":"product_cat","embeddable":true,"href":"https:\/\/inmopower.com\/index.php\/wp-json\/wp\/v2\/product_cat?post=1357"},{"taxonomy":"product_tag","embeddable":true,"href":"https:\/\/inmopower.com\/index.php\/wp-json\/wp\/v2\/product_tag?post=1357"}],"curies":[{"name":"wp","href":"https:\/\/api.w.org\/{rel}","templated":true}]}}