{"id":1354,"date":"2023-12-09T19:04:50","date_gmt":"2023-12-09T18:04:50","guid":{"rendered":"https:\/\/inmopower.com\/?post_type=product&#038;p=1354"},"modified":"2023-12-24T11:56:04","modified_gmt":"2023-12-24T10:56:04","slug":"nave-en-beniparrell","status":"publish","type":"product","link":"https:\/\/inmopower.com\/index.php\/producto\/nave-en-beniparrell\/","title":{"rendered":"Nave en Beniparrell"},"content":{"rendered":"<p>Nave industrial en Beniparrell con comunicaci\u00f3n directa a la Pista de Silla y visible desde la misma. Monoposte NO incluido<\/p>\n<p>Tiene acceso desde dos calles. Por una calle dispone de entrada a local comercial de grandes dimensiones, por la otra calle al muelle de carga y almac\u00e9n y a las oficinas de 300m2.<\/p>\n<p>Dispone de:<br \/>\n-transformador propio<br \/>\n-aljibe para la instalaci\u00f3n contraincendios<br \/>\n-Instalaci\u00f3n de BIEs<br \/>\n-Campa de 700m2<br \/>\n-Monoposte publicitario<br \/>\n-Cubierta proyectada para protecci\u00f3n t\u00e9rmica<br \/>\n-Dep\u00f3sito de decantaci\u00f3n de aguas residuales<br \/>\n-Licencia de actividad en vigor<br \/>\n-Nave con zona de ventas y exposici\u00f3n con equipos de climatizaci\u00f3n (pte. revisi\u00f3n) y falso techo<br \/>\n-Almac\u00e9n con muelle de carga y zona comercial 3.100m2<br \/>\n-Oficinas de 300m2<\/p>\n<p>Excelente ubicaci\u00f3n al sur de la ciudad de Valencia. Cerca de los parques empresariales y comerciales de Alfafar-Sedav\u00ed. Menos de 20km del puerto de Valencia.<\/p>\n<p>No pierdas la oportunidad de comprar este genial inmueble tanto si deseas operarlo o para sacarle una gran rentabilidad como inverso<\/p>\n<p>NOTA IMPORTANTE. Si se desea usar tambi\u00e9n el monoposte, hay que contar con un incremento en el precio del alquiler mensual de 800\u20ac\/mes.<\/p>\n<h2 class=\"wp-block-heading\">Caracter\u00edsticas b\u00e1sicas<\/h2>\n<ul>\n<li>3.438 m\u00b2 construidos<\/li>\n<li>Segunda mano\/buen estado<\/li>\n<li>Distribuci\u00f3n di\u00e1fana<\/li>\n<li>Construido en 1970<\/li>\n<\/ul>\n<p><iframe loading=\"lazy\" style=\"border: 0;\" src=\"https:\/\/www.google.com\/maps\/embed?pb=!1m18!1m12!1m3!1d98687.22381169187!2d-0.49249785674191365!3d39.379425799588255!2m3!1f0!2f0!3f0!3m2!1i1024!2i768!4f13.1!3m3!1m2!1s0xd604c4636180853%3A0xb5f240f63f815e67!2sCoval!5e0!3m2!1ses!2ses!4v1702145273651!5m2!1ses!2ses\" width=\"600\" height=\"450\" allowfullscreen=\"allowfullscreen\"><\/iframe><\/p>\n","protected":false},"excerpt":{"rendered":"<p>ALQUILER y VENTA<\/p>\n","protected":false},"featured_media":318,"template":"","meta":{"site-sidebar-layout":"default","site-content-layout":"","ast-site-content-layout":"default","site-content-style":"default","site-sidebar-style":"default","ast-global-header-display":"","ast-banner-title-visibility":"","ast-main-header-display":"","ast-hfb-above-header-display":"","ast-hfb-below-header-display":"","ast-hfb-mobile-header-display":"","site-post-title":"","ast-breadcrumbs-content":"","ast-featured-img":"","footer-sml-layout":"","theme-transparent-header-meta":"default","adv-header-id-meta":"","stick-header-meta":"","header-above-stick-meta":"","header-main-stick-meta":"","header-below-stick-meta":"","astra-migrate-meta-layouts":"set"},"product_brand":[],"product_cat":[77,79],"product_tag":[],"class_list":{"0":"post-1354","1":"product","2":"type-product","3":"status-publish","4":"has-post-thumbnail","6":"product_cat-ver-todos","7":"product_cat-industrial-y-logistico","8":"desktop-align-left","9":"tablet-align-left","10":"mobile-align-left","12":"first","13":"outofstock","14":"shipping-taxable","15":"purchasable","16":"product-type-simple"},"yoast_head":"<!-- This site is optimized with the Yoast SEO plugin v26.6 - https:\/\/yoast.com\/wordpress\/plugins\/seo\/ -->\n<title>Nave en Beniparrell - INMOPOWER<\/title>\n<meta name=\"robots\" content=\"index, follow, max-snippet:-1, max-image-preview:large, max-video-preview:-1\" \/>\n<link rel=\"canonical\" href=\"https:\/\/inmopower.com\/index.php\/producto\/nave-en-beniparrell\/\" \/>\n<meta property=\"og:locale\" content=\"es_ES\" \/>\n<meta property=\"og:type\" content=\"article\" \/>\n<meta property=\"og:title\" content=\"Nave en Beniparrell - INMOPOWER\" \/>\n<meta property=\"og:description\" content=\"ALQUILER y VENTA\" \/>\n<meta property=\"og:url\" content=\"https:\/\/inmopower.com\/index.php\/producto\/nave-en-beniparrell\/\" \/>\n<meta property=\"article:modified_time\" content=\"2023-12-24T10:56:04+00:00\" \/>\n<meta property=\"og:image\" content=\"https:\/\/inmopower.com\/wp-content\/uploads\/2023\/09\/WhatsApp-Image-2023-09-20-at-09.46.03-3.jpeg\" \/>\n\t<meta property=\"og:image:width\" content=\"753\" \/>\n\t<meta property=\"og:image:height\" content=\"440\" \/>\n\t<meta property=\"og:image:type\" content=\"image\/jpeg\" \/>\n<meta name=\"twitter:card\" content=\"summary_large_image\" \/>\n<meta name=\"twitter:label1\" content=\"Tiempo de lectura\" \/>\n\t<meta name=\"twitter:data1\" content=\"2 minutos\" \/>\n<script type=\"application\/ld+json\" class=\"yoast-schema-graph\">{\"@context\":\"https:\/\/schema.org\",\"@graph\":[{\"@type\":\"WebPage\",\"@id\":\"https:\/\/inmopower.com\/index.php\/producto\/nave-en-beniparrell\/\",\"url\":\"https:\/\/inmopower.com\/index.php\/producto\/nave-en-beniparrell\/\",\"name\":\"Nave en Beniparrell - INMOPOWER\",\"isPartOf\":{\"@id\":\"https:\/\/inmopower.com\/#website\"},\"primaryImageOfPage\":{\"@id\":\"https:\/\/inmopower.com\/index.php\/producto\/nave-en-beniparrell\/#primaryimage\"},\"image\":{\"@id\":\"https:\/\/inmopower.com\/index.php\/producto\/nave-en-beniparrell\/#primaryimage\"},\"thumbnailUrl\":\"https:\/\/i0.wp.com\/inmopower.com\/wp-content\/uploads\/2023\/09\/WhatsApp-Image-2023-09-20-at-09.46.03-3.jpeg?fit=753%2C440&ssl=1\",\"datePublished\":\"2023-12-09T18:04:50+00:00\",\"dateModified\":\"2023-12-24T10:56:04+00:00\",\"breadcrumb\":{\"@id\":\"https:\/\/inmopower.com\/index.php\/producto\/nave-en-beniparrell\/#breadcrumb\"},\"inLanguage\":\"es\",\"potentialAction\":[{\"@type\":\"ReadAction\",\"target\":[\"https:\/\/inmopower.com\/index.php\/producto\/nave-en-beniparrell\/\"]}]},{\"@type\":\"ImageObject\",\"inLanguage\":\"es\",\"@id\":\"https:\/\/inmopower.com\/index.php\/producto\/nave-en-beniparrell\/#primaryimage\",\"url\":\"https:\/\/i0.wp.com\/inmopower.com\/wp-content\/uploads\/2023\/09\/WhatsApp-Image-2023-09-20-at-09.46.03-3.jpeg?fit=753%2C440&ssl=1\",\"contentUrl\":\"https:\/\/i0.wp.com\/inmopower.com\/wp-content\/uploads\/2023\/09\/WhatsApp-Image-2023-09-20-at-09.46.03-3.jpeg?fit=753%2C440&ssl=1\",\"width\":753,\"height\":440},{\"@type\":\"BreadcrumbList\",\"@id\":\"https:\/\/inmopower.com\/index.php\/producto\/nave-en-beniparrell\/#breadcrumb\",\"itemListElement\":[{\"@type\":\"ListItem\",\"position\":1,\"name\":\"Portada\",\"item\":\"https:\/\/inmopower.com\/\"},{\"@type\":\"ListItem\",\"position\":2,\"name\":\"Propiedades\",\"item\":\"https:\/\/inmopower.com\/index.php\/tienda\/\"},{\"@type\":\"ListItem\",\"position\":3,\"name\":\"Nave en Beniparrell\"}]},{\"@type\":\"WebSite\",\"@id\":\"https:\/\/inmopower.com\/#website\",\"url\":\"https:\/\/inmopower.com\/\",\"name\":\"inmopower.com\",\"description\":\"Inmobiliaria industrial\",\"publisher\":{\"@id\":\"https:\/\/inmopower.com\/#organization\"},\"potentialAction\":[{\"@type\":\"SearchAction\",\"target\":{\"@type\":\"EntryPoint\",\"urlTemplate\":\"https:\/\/inmopower.com\/?s={search_term_string}\"},\"query-input\":{\"@type\":\"PropertyValueSpecification\",\"valueRequired\":true,\"valueName\":\"search_term_string\"}}],\"inLanguage\":\"es\"},{\"@type\":\"Organization\",\"@id\":\"https:\/\/inmopower.com\/#organization\",\"name\":\"inmopower\",\"url\":\"https:\/\/inmopower.com\/\",\"logo\":{\"@type\":\"ImageObject\",\"inLanguage\":\"es\",\"@id\":\"https:\/\/inmopower.com\/#\/schema\/logo\/image\/\",\"url\":\"https:\/\/i0.wp.com\/inmopower.com\/wp-content\/uploads\/2023\/09\/cropped-LOGO-NEGRO-2.jpg?fit=1065%2C355&ssl=1\",\"contentUrl\":\"https:\/\/i0.wp.com\/inmopower.com\/wp-content\/uploads\/2023\/09\/cropped-LOGO-NEGRO-2.jpg?fit=1065%2C355&ssl=1\",\"width\":1065,\"height\":355,\"caption\":\"inmopower\"},\"image\":{\"@id\":\"https:\/\/inmopower.com\/#\/schema\/logo\/image\/\"},\"sameAs\":[\"https:\/\/es.linkedin.com\/company\/inmo-power\"]}]}<\/script>\n<!-- \/ Yoast SEO plugin. -->","yoast_head_json":{"title":"Nave en Beniparrell - INMOPOWER","robots":{"index":"index","follow":"follow","max-snippet":"max-snippet:-1","max-image-preview":"max-image-preview:large","max-video-preview":"max-video-preview:-1"},"canonical":"https:\/\/inmopower.com\/index.php\/producto\/nave-en-beniparrell\/","og_locale":"es_ES","og_type":"article","og_title":"Nave en Beniparrell - INMOPOWER","og_description":"ALQUILER y VENTA","og_url":"https:\/\/inmopower.com\/index.php\/producto\/nave-en-beniparrell\/","article_modified_time":"2023-12-24T10:56:04+00:00","og_image":[{"width":753,"height":440,"url":"https:\/\/inmopower.com\/wp-content\/uploads\/2023\/09\/WhatsApp-Image-2023-09-20-at-09.46.03-3.jpeg","type":"image\/jpeg"}],"twitter_card":"summary_large_image","twitter_misc":{"Tiempo de lectura":"2 minutos"},"schema":{"@context":"https:\/\/schema.org","@graph":[{"@type":"WebPage","@id":"https:\/\/inmopower.com\/index.php\/producto\/nave-en-beniparrell\/","url":"https:\/\/inmopower.com\/index.php\/producto\/nave-en-beniparrell\/","name":"Nave en Beniparrell - INMOPOWER","isPartOf":{"@id":"https:\/\/inmopower.com\/#website"},"primaryImageOfPage":{"@id":"https:\/\/inmopower.com\/index.php\/producto\/nave-en-beniparrell\/#primaryimage"},"image":{"@id":"https:\/\/inmopower.com\/index.php\/producto\/nave-en-beniparrell\/#primaryimage"},"thumbnailUrl":"https:\/\/i0.wp.com\/inmopower.com\/wp-content\/uploads\/2023\/09\/WhatsApp-Image-2023-09-20-at-09.46.03-3.jpeg?fit=753%2C440&ssl=1","datePublished":"2023-12-09T18:04:50+00:00","dateModified":"2023-12-24T10:56:04+00:00","breadcrumb":{"@id":"https:\/\/inmopower.com\/index.php\/producto\/nave-en-beniparrell\/#breadcrumb"},"inLanguage":"es","potentialAction":[{"@type":"ReadAction","target":["https:\/\/inmopower.com\/index.php\/producto\/nave-en-beniparrell\/"]}]},{"@type":"ImageObject","inLanguage":"es","@id":"https:\/\/inmopower.com\/index.php\/producto\/nave-en-beniparrell\/#primaryimage","url":"https:\/\/i0.wp.com\/inmopower.com\/wp-content\/uploads\/2023\/09\/WhatsApp-Image-2023-09-20-at-09.46.03-3.jpeg?fit=753%2C440&ssl=1","contentUrl":"https:\/\/i0.wp.com\/inmopower.com\/wp-content\/uploads\/2023\/09\/WhatsApp-Image-2023-09-20-at-09.46.03-3.jpeg?fit=753%2C440&ssl=1","width":753,"height":440},{"@type":"BreadcrumbList","@id":"https:\/\/inmopower.com\/index.php\/producto\/nave-en-beniparrell\/#breadcrumb","itemListElement":[{"@type":"ListItem","position":1,"name":"Portada","item":"https:\/\/inmopower.com\/"},{"@type":"ListItem","position":2,"name":"Propiedades","item":"https:\/\/inmopower.com\/index.php\/tienda\/"},{"@type":"ListItem","position":3,"name":"Nave en Beniparrell"}]},{"@type":"WebSite","@id":"https:\/\/inmopower.com\/#website","url":"https:\/\/inmopower.com\/","name":"inmopower.com","description":"Inmobiliaria industrial","publisher":{"@id":"https:\/\/inmopower.com\/#organization"},"potentialAction":[{"@type":"SearchAction","target":{"@type":"EntryPoint","urlTemplate":"https:\/\/inmopower.com\/?s={search_term_string}"},"query-input":{"@type":"PropertyValueSpecification","valueRequired":true,"valueName":"search_term_string"}}],"inLanguage":"es"},{"@type":"Organization","@id":"https:\/\/inmopower.com\/#organization","name":"inmopower","url":"https:\/\/inmopower.com\/","logo":{"@type":"ImageObject","inLanguage":"es","@id":"https:\/\/inmopower.com\/#\/schema\/logo\/image\/","url":"https:\/\/i0.wp.com\/inmopower.com\/wp-content\/uploads\/2023\/09\/cropped-LOGO-NEGRO-2.jpg?fit=1065%2C355&ssl=1","contentUrl":"https:\/\/i0.wp.com\/inmopower.com\/wp-content\/uploads\/2023\/09\/cropped-LOGO-NEGRO-2.jpg?fit=1065%2C355&ssl=1","width":1065,"height":355,"caption":"inmopower"},"image":{"@id":"https:\/\/inmopower.com\/#\/schema\/logo\/image\/"},"sameAs":["https:\/\/es.linkedin.com\/company\/inmo-power"]}]}},"jetpack_sharing_enabled":true,"_links":{"self":[{"href":"https:\/\/inmopower.com\/index.php\/wp-json\/wp\/v2\/product\/1354","targetHints":{"allow":["GET"]}}],"collection":[{"href":"https:\/\/inmopower.com\/index.php\/wp-json\/wp\/v2\/product"}],"about":[{"href":"https:\/\/inmopower.com\/index.php\/wp-json\/wp\/v2\/types\/product"}],"wp:featuredmedia":[{"embeddable":true,"href":"https:\/\/inmopower.com\/index.php\/wp-json\/wp\/v2\/media\/318"}],"wp:attachment":[{"href":"https:\/\/inmopower.com\/index.php\/wp-json\/wp\/v2\/media?parent=1354"}],"wp:term":[{"taxonomy":"product_brand","embeddable":true,"href":"https:\/\/inmopower.com\/index.php\/wp-json\/wp\/v2\/product_brand?post=1354"},{"taxonomy":"product_cat","embeddable":true,"href":"https:\/\/inmopower.com\/index.php\/wp-json\/wp\/v2\/product_cat?post=1354"},{"taxonomy":"product_tag","embeddable":true,"href":"https:\/\/inmopower.com\/index.php\/wp-json\/wp\/v2\/product_tag?post=1354"}],"curies":[{"name":"wp","href":"https:\/\/api.w.org\/{rel}","templated":true}]}}