{"id":1350,"date":"2023-12-08T21:51:35","date_gmt":"2023-12-08T20:51:35","guid":{"rendered":"https:\/\/inmopower.com\/?post_type=product&#038;p=1350"},"modified":"2023-12-24T11:55:11","modified_gmt":"2023-12-24T10:55:11","slug":"lote-de-naves-en-san-antonio-de-benageber","status":"publish","type":"product","link":"https:\/\/inmopower.com\/index.php\/producto\/lote-de-naves-en-san-antonio-de-benageber\/","title":{"rendered":"Lote de naves en San Antonio de Benag\u00e9ber"},"content":{"rendered":"<p>VENTA. LOTE DE NAVES EN LA ELIANA EN RENTABILIDAD. A PRIMERA LINEA DE PISTA DE ADEMUZ<\/p>\n<p>Se vende gran parcela con:<br \/>\n-12 naves industriales<br \/>\n-2 parcelas industriales asfaltadas<br \/>\n-Oficinas de 2 plantas<br \/>\n-Zona de aparcamiento<br \/>\n-Gran espacio para maniobrabilidad de camiones<\/p>\n<p>Superficies totales de usos seg\u00fan catastro:<\/p>\n<p>Parcela: 18.397m2 (Toda la parcela est\u00e1 asfaltada)<br \/>\nNave de uso industrial: 8.874 m2<br \/>\nNave de uso almac\u00e9n: 3.197 m2<br \/>\nVivienda: 162 m2<br \/>\nOficinas: 541 m2<br \/>\nAparcamientos: 193 m2<\/p>\n<p>Gran parte de los inmuebles est\u00e1n alquilados y actualmente est\u00e1n ofreciendo una rentabilidad del 7% (y todav\u00eda est\u00e1n libres 3 naves y una parcela asfaltada)<\/p>\n<p>ZONA Centro Comercial el Osito. Conexi\u00f3n directa a autov\u00eda desde y hacia ambos sentidos.<\/p>\n<p>Recomendable visitar.<\/p>\n","protected":false},"excerpt":{"rendered":"<p>Venta<\/p>\n","protected":false},"featured_media":115,"template":"","meta":{"site-sidebar-layout":"default","site-content-layout":"","ast-site-content-layout":"default","site-content-style":"default","site-sidebar-style":"default","ast-global-header-display":"","ast-banner-title-visibility":"","ast-main-header-display":"","ast-hfb-above-header-display":"","ast-hfb-below-header-display":"","ast-hfb-mobile-header-display":"","site-post-title":"","ast-breadcrumbs-content":"","ast-featured-img":"","footer-sml-layout":"","theme-transparent-header-meta":"default","adv-header-id-meta":"","stick-header-meta":"","header-above-stick-meta":"","header-main-stick-meta":"","header-below-stick-meta":"","astra-migrate-meta-layouts":"set"},"product_brand":[],"product_cat":[77,79,80],"product_tag":[],"class_list":{"0":"post-1350","1":"product","2":"type-product","3":"status-publish","4":"has-post-thumbnail","6":"product_cat-ver-todos","7":"product_cat-industrial-y-logistico","8":"product_cat-inversion","9":"desktop-align-left","10":"tablet-align-left","11":"mobile-align-left","13":"first","14":"instock","15":"shipping-taxable","16":"purchasable","17":"product-type-simple"},"yoast_head":"<!-- This site is optimized with the Yoast SEO plugin v26.6 - https:\/\/yoast.com\/wordpress\/plugins\/seo\/ -->\n<title>Lote de naves en San Antonio de Benag\u00e9ber - INMOPOWER<\/title>\n<meta name=\"robots\" content=\"index, follow, max-snippet:-1, max-image-preview:large, max-video-preview:-1\" \/>\n<link rel=\"canonical\" href=\"https:\/\/inmopower.com\/index.php\/producto\/lote-de-naves-en-san-antonio-de-benageber\/\" \/>\n<meta property=\"og:locale\" content=\"es_ES\" \/>\n<meta property=\"og:type\" content=\"article\" \/>\n<meta property=\"og:title\" content=\"Lote de naves en San Antonio de Benag\u00e9ber - INMOPOWER\" \/>\n<meta property=\"og:description\" content=\"Venta\" \/>\n<meta property=\"og:url\" content=\"https:\/\/inmopower.com\/index.php\/producto\/lote-de-naves-en-san-antonio-de-benageber\/\" \/>\n<meta property=\"article:modified_time\" content=\"2023-12-24T10:55:11+00:00\" \/>\n<meta property=\"og:image\" content=\"https:\/\/inmopower.com\/wp-content\/uploads\/2023\/09\/WhatsApp-Image-2023-07-13-at-15.55.11-4.jpeg\" \/>\n\t<meta property=\"og:image:width\" content=\"941\" \/>\n\t<meta property=\"og:image:height\" content=\"643\" \/>\n\t<meta property=\"og:image:type\" content=\"image\/jpeg\" \/>\n<meta name=\"twitter:card\" content=\"summary_large_image\" \/>\n<meta name=\"twitter:label1\" content=\"Tiempo de lectura\" \/>\n\t<meta name=\"twitter:data1\" content=\"1 minuto\" \/>\n<script type=\"application\/ld+json\" class=\"yoast-schema-graph\">{\"@context\":\"https:\/\/schema.org\",\"@graph\":[{\"@type\":\"WebPage\",\"@id\":\"https:\/\/inmopower.com\/index.php\/producto\/lote-de-naves-en-san-antonio-de-benageber\/\",\"url\":\"https:\/\/inmopower.com\/index.php\/producto\/lote-de-naves-en-san-antonio-de-benageber\/\",\"name\":\"Lote de naves en San Antonio de Benag\u00e9ber - INMOPOWER\",\"isPartOf\":{\"@id\":\"https:\/\/inmopower.com\/#website\"},\"primaryImageOfPage\":{\"@id\":\"https:\/\/inmopower.com\/index.php\/producto\/lote-de-naves-en-san-antonio-de-benageber\/#primaryimage\"},\"image\":{\"@id\":\"https:\/\/inmopower.com\/index.php\/producto\/lote-de-naves-en-san-antonio-de-benageber\/#primaryimage\"},\"thumbnailUrl\":\"https:\/\/i0.wp.com\/inmopower.com\/wp-content\/uploads\/2023\/09\/WhatsApp-Image-2023-07-13-at-15.55.11-4.jpeg?fit=941%2C643&ssl=1\",\"datePublished\":\"2023-12-08T20:51:35+00:00\",\"dateModified\":\"2023-12-24T10:55:11+00:00\",\"breadcrumb\":{\"@id\":\"https:\/\/inmopower.com\/index.php\/producto\/lote-de-naves-en-san-antonio-de-benageber\/#breadcrumb\"},\"inLanguage\":\"es\",\"potentialAction\":[{\"@type\":\"ReadAction\",\"target\":[\"https:\/\/inmopower.com\/index.php\/producto\/lote-de-naves-en-san-antonio-de-benageber\/\"]}]},{\"@type\":\"ImageObject\",\"inLanguage\":\"es\",\"@id\":\"https:\/\/inmopower.com\/index.php\/producto\/lote-de-naves-en-san-antonio-de-benageber\/#primaryimage\",\"url\":\"https:\/\/i0.wp.com\/inmopower.com\/wp-content\/uploads\/2023\/09\/WhatsApp-Image-2023-07-13-at-15.55.11-4.jpeg?fit=941%2C643&ssl=1\",\"contentUrl\":\"https:\/\/i0.wp.com\/inmopower.com\/wp-content\/uploads\/2023\/09\/WhatsApp-Image-2023-07-13-at-15.55.11-4.jpeg?fit=941%2C643&ssl=1\",\"width\":941,\"height\":643},{\"@type\":\"BreadcrumbList\",\"@id\":\"https:\/\/inmopower.com\/index.php\/producto\/lote-de-naves-en-san-antonio-de-benageber\/#breadcrumb\",\"itemListElement\":[{\"@type\":\"ListItem\",\"position\":1,\"name\":\"Portada\",\"item\":\"https:\/\/inmopower.com\/\"},{\"@type\":\"ListItem\",\"position\":2,\"name\":\"Propiedades\",\"item\":\"https:\/\/inmopower.com\/index.php\/tienda\/\"},{\"@type\":\"ListItem\",\"position\":3,\"name\":\"Lote de naves en San Antonio de Benag\u00e9ber\"}]},{\"@type\":\"WebSite\",\"@id\":\"https:\/\/inmopower.com\/#website\",\"url\":\"https:\/\/inmopower.com\/\",\"name\":\"inmopower.com\",\"description\":\"Inmobiliaria industrial\",\"publisher\":{\"@id\":\"https:\/\/inmopower.com\/#organization\"},\"potentialAction\":[{\"@type\":\"SearchAction\",\"target\":{\"@type\":\"EntryPoint\",\"urlTemplate\":\"https:\/\/inmopower.com\/?s={search_term_string}\"},\"query-input\":{\"@type\":\"PropertyValueSpecification\",\"valueRequired\":true,\"valueName\":\"search_term_string\"}}],\"inLanguage\":\"es\"},{\"@type\":\"Organization\",\"@id\":\"https:\/\/inmopower.com\/#organization\",\"name\":\"inmopower\",\"url\":\"https:\/\/inmopower.com\/\",\"logo\":{\"@type\":\"ImageObject\",\"inLanguage\":\"es\",\"@id\":\"https:\/\/inmopower.com\/#\/schema\/logo\/image\/\",\"url\":\"https:\/\/i0.wp.com\/inmopower.com\/wp-content\/uploads\/2023\/09\/cropped-LOGO-NEGRO-2.jpg?fit=1065%2C355&ssl=1\",\"contentUrl\":\"https:\/\/i0.wp.com\/inmopower.com\/wp-content\/uploads\/2023\/09\/cropped-LOGO-NEGRO-2.jpg?fit=1065%2C355&ssl=1\",\"width\":1065,\"height\":355,\"caption\":\"inmopower\"},\"image\":{\"@id\":\"https:\/\/inmopower.com\/#\/schema\/logo\/image\/\"},\"sameAs\":[\"https:\/\/es.linkedin.com\/company\/inmo-power\"]}]}<\/script>\n<!-- \/ Yoast SEO plugin. -->","yoast_head_json":{"title":"Lote de naves en San Antonio de Benag\u00e9ber - INMOPOWER","robots":{"index":"index","follow":"follow","max-snippet":"max-snippet:-1","max-image-preview":"max-image-preview:large","max-video-preview":"max-video-preview:-1"},"canonical":"https:\/\/inmopower.com\/index.php\/producto\/lote-de-naves-en-san-antonio-de-benageber\/","og_locale":"es_ES","og_type":"article","og_title":"Lote de naves en San Antonio de Benag\u00e9ber - INMOPOWER","og_description":"Venta","og_url":"https:\/\/inmopower.com\/index.php\/producto\/lote-de-naves-en-san-antonio-de-benageber\/","article_modified_time":"2023-12-24T10:55:11+00:00","og_image":[{"width":941,"height":643,"url":"https:\/\/inmopower.com\/wp-content\/uploads\/2023\/09\/WhatsApp-Image-2023-07-13-at-15.55.11-4.jpeg","type":"image\/jpeg"}],"twitter_card":"summary_large_image","twitter_misc":{"Tiempo de lectura":"1 minuto"},"schema":{"@context":"https:\/\/schema.org","@graph":[{"@type":"WebPage","@id":"https:\/\/inmopower.com\/index.php\/producto\/lote-de-naves-en-san-antonio-de-benageber\/","url":"https:\/\/inmopower.com\/index.php\/producto\/lote-de-naves-en-san-antonio-de-benageber\/","name":"Lote de naves en San Antonio de Benag\u00e9ber - INMOPOWER","isPartOf":{"@id":"https:\/\/inmopower.com\/#website"},"primaryImageOfPage":{"@id":"https:\/\/inmopower.com\/index.php\/producto\/lote-de-naves-en-san-antonio-de-benageber\/#primaryimage"},"image":{"@id":"https:\/\/inmopower.com\/index.php\/producto\/lote-de-naves-en-san-antonio-de-benageber\/#primaryimage"},"thumbnailUrl":"https:\/\/i0.wp.com\/inmopower.com\/wp-content\/uploads\/2023\/09\/WhatsApp-Image-2023-07-13-at-15.55.11-4.jpeg?fit=941%2C643&ssl=1","datePublished":"2023-12-08T20:51:35+00:00","dateModified":"2023-12-24T10:55:11+00:00","breadcrumb":{"@id":"https:\/\/inmopower.com\/index.php\/producto\/lote-de-naves-en-san-antonio-de-benageber\/#breadcrumb"},"inLanguage":"es","potentialAction":[{"@type":"ReadAction","target":["https:\/\/inmopower.com\/index.php\/producto\/lote-de-naves-en-san-antonio-de-benageber\/"]}]},{"@type":"ImageObject","inLanguage":"es","@id":"https:\/\/inmopower.com\/index.php\/producto\/lote-de-naves-en-san-antonio-de-benageber\/#primaryimage","url":"https:\/\/i0.wp.com\/inmopower.com\/wp-content\/uploads\/2023\/09\/WhatsApp-Image-2023-07-13-at-15.55.11-4.jpeg?fit=941%2C643&ssl=1","contentUrl":"https:\/\/i0.wp.com\/inmopower.com\/wp-content\/uploads\/2023\/09\/WhatsApp-Image-2023-07-13-at-15.55.11-4.jpeg?fit=941%2C643&ssl=1","width":941,"height":643},{"@type":"BreadcrumbList","@id":"https:\/\/inmopower.com\/index.php\/producto\/lote-de-naves-en-san-antonio-de-benageber\/#breadcrumb","itemListElement":[{"@type":"ListItem","position":1,"name":"Portada","item":"https:\/\/inmopower.com\/"},{"@type":"ListItem","position":2,"name":"Propiedades","item":"https:\/\/inmopower.com\/index.php\/tienda\/"},{"@type":"ListItem","position":3,"name":"Lote de naves en San Antonio de Benag\u00e9ber"}]},{"@type":"WebSite","@id":"https:\/\/inmopower.com\/#website","url":"https:\/\/inmopower.com\/","name":"inmopower.com","description":"Inmobiliaria industrial","publisher":{"@id":"https:\/\/inmopower.com\/#organization"},"potentialAction":[{"@type":"SearchAction","target":{"@type":"EntryPoint","urlTemplate":"https:\/\/inmopower.com\/?s={search_term_string}"},"query-input":{"@type":"PropertyValueSpecification","valueRequired":true,"valueName":"search_term_string"}}],"inLanguage":"es"},{"@type":"Organization","@id":"https:\/\/inmopower.com\/#organization","name":"inmopower","url":"https:\/\/inmopower.com\/","logo":{"@type":"ImageObject","inLanguage":"es","@id":"https:\/\/inmopower.com\/#\/schema\/logo\/image\/","url":"https:\/\/i0.wp.com\/inmopower.com\/wp-content\/uploads\/2023\/09\/cropped-LOGO-NEGRO-2.jpg?fit=1065%2C355&ssl=1","contentUrl":"https:\/\/i0.wp.com\/inmopower.com\/wp-content\/uploads\/2023\/09\/cropped-LOGO-NEGRO-2.jpg?fit=1065%2C355&ssl=1","width":1065,"height":355,"caption":"inmopower"},"image":{"@id":"https:\/\/inmopower.com\/#\/schema\/logo\/image\/"},"sameAs":["https:\/\/es.linkedin.com\/company\/inmo-power"]}]}},"jetpack_sharing_enabled":true,"_links":{"self":[{"href":"https:\/\/inmopower.com\/index.php\/wp-json\/wp\/v2\/product\/1350","targetHints":{"allow":["GET"]}}],"collection":[{"href":"https:\/\/inmopower.com\/index.php\/wp-json\/wp\/v2\/product"}],"about":[{"href":"https:\/\/inmopower.com\/index.php\/wp-json\/wp\/v2\/types\/product"}],"wp:featuredmedia":[{"embeddable":true,"href":"https:\/\/inmopower.com\/index.php\/wp-json\/wp\/v2\/media\/115"}],"wp:attachment":[{"href":"https:\/\/inmopower.com\/index.php\/wp-json\/wp\/v2\/media?parent=1350"}],"wp:term":[{"taxonomy":"product_brand","embeddable":true,"href":"https:\/\/inmopower.com\/index.php\/wp-json\/wp\/v2\/product_brand?post=1350"},{"taxonomy":"product_cat","embeddable":true,"href":"https:\/\/inmopower.com\/index.php\/wp-json\/wp\/v2\/product_cat?post=1350"},{"taxonomy":"product_tag","embeddable":true,"href":"https:\/\/inmopower.com\/index.php\/wp-json\/wp\/v2\/product_tag?post=1350"}],"curies":[{"name":"wp","href":"https:\/\/api.w.org\/{rel}","templated":true}]}}