{"id":184,"date":"2023-09-14T17:42:24","date_gmt":"2023-09-14T15:42:24","guid":{"rendered":"https:\/\/inmopower.com\/?page_id=184"},"modified":"2023-09-14T17:42:25","modified_gmt":"2023-09-14T15:42:25","slug":"la-compania","status":"publish","type":"page","link":"https:\/\/inmopower.com\/index.php\/la-compania\/","title":{"rendered":"La compa\u00f1\u00eda"},"content":{"rendered":"\n<p>InmoPower, es una compa\u00f1\u00eda de consultor\u00eda y servicios inmobiliarios con cobertura en la Comunidad Valenciana que ofrece servicios y soluciones integrales en todas las fases del ciclo inmobiliario empresarial. <\/p>\n\n\n\n<p>Prestamos servicios de consultor\u00eda e intermediaci\u00f3n inmobiliaria de la m\u00e1s alta calidad, gracias al extenso \u201cknow how\u201d de nuestros profesionales y nuestras asociaciones estrat\u00e9gicas con otros l\u00edderes del sector. <\/p>\n\n\n\n<p>Ofrecemos servicios en las \u00e1reas de divisi\u00f3n Industrial y Log\u00edstica, Oficinas y Locales Comerciales, Retail, Suelo, Inversi\u00f3n, Residencial y \u00c1rea T\u00e9cnica. <\/p>\n\n\n\n<p>Disponemos de un equipo t\u00e9cnico de construcci\u00f3n para prestar servicios integrales en el desarrollo de un proyecto \u201cllave en mano\u201d. <\/p>\n","protected":false},"excerpt":{"rendered":"<p>InmoPower, es una compa\u00f1\u00eda de consultor\u00eda y servicios inmobiliarios con cobertura en la Comunidad Valenciana que ofrece servicios y soluciones integrales en todas las fases del ciclo inmobiliario empresarial. Prestamos servicios de consultor\u00eda e intermediaci\u00f3n inmobiliaria de la m\u00e1s alta calidad, gracias al extenso \u201cknow how\u201d de nuestros profesionales y nuestras asociaciones estrat\u00e9gicas con otros &hellip;<\/p>\n<p class=\"read-more\"> <a class=\"\" href=\"https:\/\/inmopower.com\/index.php\/la-compania\/\"> <span class=\"screen-reader-text\">La compa\u00f1\u00eda<\/span> Leer m\u00e1s &raquo;<\/a><\/p>\n","protected":false},"author":2,"featured_media":0,"parent":0,"menu_order":0,"comment_status":"closed","ping_status":"closed","template":"","meta":{"site-sidebar-layout":"default","site-content-layout":"","ast-site-content-layout":"","site-content-style":"default","site-sidebar-style":"default","ast-global-header-display":"","ast-banner-title-visibility":"","ast-main-header-display":"","ast-hfb-above-header-display":"","ast-hfb-below-header-display":"","ast-hfb-mobile-header-display":"","site-post-title":"","ast-breadcrumbs-content":"","ast-featured-img":"","footer-sml-layout":"","theme-transparent-header-meta":"","adv-header-id-meta":"","stick-header-meta":"","header-above-stick-meta":"","header-main-stick-meta":"","header-below-stick-meta":"","astra-migrate-meta-layouts":"","footnotes":""},"class_list":["post-184","page","type-page","status-publish","hentry"],"yoast_head":"<!-- This site is optimized with the Yoast SEO plugin v26.6 - https:\/\/yoast.com\/wordpress\/plugins\/seo\/ -->\n<title>La compa\u00f1\u00eda -<\/title>\n<meta name=\"robots\" content=\"index, follow, max-snippet:-1, max-image-preview:large, max-video-preview:-1\" \/>\n<link rel=\"canonical\" href=\"https:\/\/inmopower.com\/index.php\/la-compania\/\" \/>\n<meta property=\"og:locale\" content=\"es_ES\" \/>\n<meta property=\"og:type\" content=\"article\" \/>\n<meta property=\"og:title\" content=\"La compa\u00f1\u00eda -\" \/>\n<meta property=\"og:description\" content=\"InmoPower, es una compa\u00f1\u00eda de consultor\u00eda y servicios inmobiliarios con cobertura en la Comunidad Valenciana que ofrece servicios y soluciones integrales en todas las fases del ciclo inmobiliario empresarial. Prestamos servicios de consultor\u00eda e intermediaci\u00f3n inmobiliaria de la m\u00e1s alta calidad, gracias al extenso \u201cknow how\u201d de nuestros profesionales y nuestras asociaciones estrat\u00e9gicas con otros &hellip; La compa\u00f1\u00eda Leer m\u00e1s &raquo;\" \/>\n<meta property=\"og:url\" content=\"https:\/\/inmopower.com\/index.php\/la-compania\/\" \/>\n<meta property=\"article:modified_time\" content=\"2023-09-14T15:42:25+00:00\" \/>\n<meta name=\"twitter:card\" content=\"summary_large_image\" \/>\n<meta name=\"twitter:label1\" content=\"Tiempo de lectura\" \/>\n\t<meta name=\"twitter:data1\" content=\"1 minuto\" \/>\n<script type=\"application\/ld+json\" class=\"yoast-schema-graph\">{\"@context\":\"https:\/\/schema.org\",\"@graph\":[{\"@type\":\"WebPage\",\"@id\":\"https:\/\/inmopower.com\/index.php\/la-compania\/\",\"url\":\"https:\/\/inmopower.com\/index.php\/la-compania\/\",\"name\":\"La compa\u00f1\u00eda -\",\"isPartOf\":{\"@id\":\"https:\/\/inmopower.com\/#website\"},\"datePublished\":\"2023-09-14T15:42:24+00:00\",\"dateModified\":\"2023-09-14T15:42:25+00:00\",\"breadcrumb\":{\"@id\":\"https:\/\/inmopower.com\/index.php\/la-compania\/#breadcrumb\"},\"inLanguage\":\"es\",\"potentialAction\":[{\"@type\":\"ReadAction\",\"target\":[\"https:\/\/inmopower.com\/index.php\/la-compania\/\"]}]},{\"@type\":\"BreadcrumbList\",\"@id\":\"https:\/\/inmopower.com\/index.php\/la-compania\/#breadcrumb\",\"itemListElement\":[{\"@type\":\"ListItem\",\"position\":1,\"name\":\"Portada\",\"item\":\"https:\/\/inmopower.com\/\"},{\"@type\":\"ListItem\",\"position\":2,\"name\":\"La compa\u00f1\u00eda\"}]},{\"@type\":\"WebSite\",\"@id\":\"https:\/\/inmopower.com\/#website\",\"url\":\"https:\/\/inmopower.com\/\",\"name\":\"inmopower.com\",\"description\":\"Inmobiliaria industrial\",\"publisher\":{\"@id\":\"https:\/\/inmopower.com\/#organization\"},\"potentialAction\":[{\"@type\":\"SearchAction\",\"target\":{\"@type\":\"EntryPoint\",\"urlTemplate\":\"https:\/\/inmopower.com\/?s={search_term_string}\"},\"query-input\":{\"@type\":\"PropertyValueSpecification\",\"valueRequired\":true,\"valueName\":\"search_term_string\"}}],\"inLanguage\":\"es\"},{\"@type\":\"Organization\",\"@id\":\"https:\/\/inmopower.com\/#organization\",\"name\":\"inmopower\",\"url\":\"https:\/\/inmopower.com\/\",\"logo\":{\"@type\":\"ImageObject\",\"inLanguage\":\"es\",\"@id\":\"https:\/\/inmopower.com\/#\/schema\/logo\/image\/\",\"url\":\"https:\/\/i0.wp.com\/inmopower.com\/wp-content\/uploads\/2023\/09\/cropped-LOGO-NEGRO-2.jpg?fit=1065%2C355&ssl=1\",\"contentUrl\":\"https:\/\/i0.wp.com\/inmopower.com\/wp-content\/uploads\/2023\/09\/cropped-LOGO-NEGRO-2.jpg?fit=1065%2C355&ssl=1\",\"width\":1065,\"height\":355,\"caption\":\"inmopower\"},\"image\":{\"@id\":\"https:\/\/inmopower.com\/#\/schema\/logo\/image\/\"},\"sameAs\":[\"https:\/\/es.linkedin.com\/company\/inmo-power\"]}]}<\/script>\n<!-- \/ Yoast SEO plugin. -->","yoast_head_json":{"title":"La compa\u00f1\u00eda -","robots":{"index":"index","follow":"follow","max-snippet":"max-snippet:-1","max-image-preview":"max-image-preview:large","max-video-preview":"max-video-preview:-1"},"canonical":"https:\/\/inmopower.com\/index.php\/la-compania\/","og_locale":"es_ES","og_type":"article","og_title":"La compa\u00f1\u00eda -","og_description":"InmoPower, es una compa\u00f1\u00eda de consultor\u00eda y servicios inmobiliarios con cobertura en la Comunidad Valenciana que ofrece servicios y soluciones integrales en todas las fases del ciclo inmobiliario empresarial. Prestamos servicios de consultor\u00eda e intermediaci\u00f3n inmobiliaria de la m\u00e1s alta calidad, gracias al extenso \u201cknow how\u201d de nuestros profesionales y nuestras asociaciones estrat\u00e9gicas con otros &hellip; La compa\u00f1\u00eda Leer m\u00e1s &raquo;","og_url":"https:\/\/inmopower.com\/index.php\/la-compania\/","article_modified_time":"2023-09-14T15:42:25+00:00","twitter_card":"summary_large_image","twitter_misc":{"Tiempo de lectura":"1 minuto"},"schema":{"@context":"https:\/\/schema.org","@graph":[{"@type":"WebPage","@id":"https:\/\/inmopower.com\/index.php\/la-compania\/","url":"https:\/\/inmopower.com\/index.php\/la-compania\/","name":"La compa\u00f1\u00eda -","isPartOf":{"@id":"https:\/\/inmopower.com\/#website"},"datePublished":"2023-09-14T15:42:24+00:00","dateModified":"2023-09-14T15:42:25+00:00","breadcrumb":{"@id":"https:\/\/inmopower.com\/index.php\/la-compania\/#breadcrumb"},"inLanguage":"es","potentialAction":[{"@type":"ReadAction","target":["https:\/\/inmopower.com\/index.php\/la-compania\/"]}]},{"@type":"BreadcrumbList","@id":"https:\/\/inmopower.com\/index.php\/la-compania\/#breadcrumb","itemListElement":[{"@type":"ListItem","position":1,"name":"Portada","item":"https:\/\/inmopower.com\/"},{"@type":"ListItem","position":2,"name":"La compa\u00f1\u00eda"}]},{"@type":"WebSite","@id":"https:\/\/inmopower.com\/#website","url":"https:\/\/inmopower.com\/","name":"inmopower.com","description":"Inmobiliaria industrial","publisher":{"@id":"https:\/\/inmopower.com\/#organization"},"potentialAction":[{"@type":"SearchAction","target":{"@type":"EntryPoint","urlTemplate":"https:\/\/inmopower.com\/?s={search_term_string}"},"query-input":{"@type":"PropertyValueSpecification","valueRequired":true,"valueName":"search_term_string"}}],"inLanguage":"es"},{"@type":"Organization","@id":"https:\/\/inmopower.com\/#organization","name":"inmopower","url":"https:\/\/inmopower.com\/","logo":{"@type":"ImageObject","inLanguage":"es","@id":"https:\/\/inmopower.com\/#\/schema\/logo\/image\/","url":"https:\/\/i0.wp.com\/inmopower.com\/wp-content\/uploads\/2023\/09\/cropped-LOGO-NEGRO-2.jpg?fit=1065%2C355&ssl=1","contentUrl":"https:\/\/i0.wp.com\/inmopower.com\/wp-content\/uploads\/2023\/09\/cropped-LOGO-NEGRO-2.jpg?fit=1065%2C355&ssl=1","width":1065,"height":355,"caption":"inmopower"},"image":{"@id":"https:\/\/inmopower.com\/#\/schema\/logo\/image\/"},"sameAs":["https:\/\/es.linkedin.com\/company\/inmo-power"]}]}},"jetpack_sharing_enabled":true,"_links":{"self":[{"href":"https:\/\/inmopower.com\/index.php\/wp-json\/wp\/v2\/pages\/184","targetHints":{"allow":["GET"]}}],"collection":[{"href":"https:\/\/inmopower.com\/index.php\/wp-json\/wp\/v2\/pages"}],"about":[{"href":"https:\/\/inmopower.com\/index.php\/wp-json\/wp\/v2\/types\/page"}],"author":[{"embeddable":true,"href":"https:\/\/inmopower.com\/index.php\/wp-json\/wp\/v2\/users\/2"}],"replies":[{"embeddable":true,"href":"https:\/\/inmopower.com\/index.php\/wp-json\/wp\/v2\/comments?post=184"}],"version-history":[{"count":1,"href":"https:\/\/inmopower.com\/index.php\/wp-json\/wp\/v2\/pages\/184\/revisions"}],"predecessor-version":[{"id":185,"href":"https:\/\/inmopower.com\/index.php\/wp-json\/wp\/v2\/pages\/184\/revisions\/185"}],"wp:attachment":[{"href":"https:\/\/inmopower.com\/index.php\/wp-json\/wp\/v2\/media?parent=184"}],"curies":[{"name":"wp","href":"https:\/\/api.w.org\/{rel}","templated":true}]}}